{"id":147,"date":"2018-01-26T10:42:29","date_gmt":"2018-01-26T09:42:29","guid":{"rendered":"https:\/\/www.agrogestor.es\/en\/?page_id=147"},"modified":"2021-10-19T08:50:44","modified_gmt":"2021-10-19T06:50:44","slug":"pilot-programs","status":"publish","type":"page","link":"https:\/\/www.agrogestor.es\/en\/the-project\/pilot-programs\/","title":{"rendered":"Pilot programs"},"content":{"rendered":"[vc_row css=&#8221;.vc_custom_1517006233520{margin-top: 50px !important;}&#8221;][vc_column width=&#8221;1\/4&#8243;][vc_column_text css=&#8221;.vc_custom_1517135554283{margin-top: 5px !important;margin-bottom: 5px !important;border-top-width: 0px !important;border-bottom-width: 0px !important;padding-top: 5px !important;padding-right: 15px !important;padding-bottom: 5px !important;padding-left: 15px !important;background-color: #6db8e5 !important;}&#8221;]<strong style=\"color: #fff;\">THE PROJECT<\/strong>[\/vc_column_text][vc_column_text css=&#8221;.vc_custom_1517136311567{margin-top: 10px !important;margin-bottom: 10px !important;border-top-width: 0px !important;border-bottom-width: 0px !important;padding-top: 5px !important;padding-right: 15px !important;padding-bottom: 5px !important;padding-left: 15px !important;background-color: #f4f4f3 !important;}&#8221;]<a href=\"https:\/\/www.agrogestor.es\/en\/the-project\/partners\/\"><strong>Partners<\/strong><\/a>[\/vc_column_text][vc_column_text css=&#8221;.vc_custom_1517136329369{margin-top: 10px !important;margin-bottom: 10px !important;border-top-width: 0px !important;border-bottom-width: 0px !important;padding-top: 5px !important;padding-right: 15px !important;padding-bottom: 5px !important;padding-left: 15px !important;background-color: #f4f4f3 !important;}&#8221;]<a href=\"https:\/\/www.agrogestor.es\/en\/the-project\/actions\/\"><strong>Actions<\/strong><\/a>[\/vc_column_text][vc_column_text css=&#8221;.vc_custom_1517135590002{margin-top: 10px !important;margin-bottom: 10px !important;border-top-width: 0px !important;border-bottom-width: 0px !important;padding-top: 5px !important;padding-right: 15px !important;padding-bottom: 5px !important;padding-left: 15px !important;background-color: #7cb03f !important;}&#8221;]<strong style=\"color: #fff;\">Pilot programs<\/strong>[\/vc_column_text][vc_column_text css=&#8221;.vc_custom_1517136345440{margin-top: 10px !important;margin-bottom: 10px !important;border-top-width: 0px !important;border-bottom-width: 0px !important;padding-top: 5px !important;padding-right: 15px !important;padding-bottom: 5px !important;padding-left: 15px !important;background-color: #f4f4f3 !important;}&#8221;]<a href=\"https:\/\/www.agrogestor.es\/en\/the-project\/other-related-projects\/\"><strong>Other related projects<\/strong><\/a>[\/vc_column_text][vc_column_text css=&#8221;.vc_custom_1517136355327{margin-top: 10px !important;margin-bottom: 10px !important;border-top-width: 0px !important;border-bottom-width: 0px !important;padding-top: 5px !important;padding-right: 15px !important;padding-bottom: 5px !important;padding-left: 15px !important;background-color: #f4f4f3 !important;}&#8221;]<a href=\"https:\/\/www.agrogestor.es\/en\/the-project\/results\/\"><strong>Results<\/strong><\/a>[\/vc_column_text][\/vc_column][vc_column width=&#8221;3\/4&#8243;][vc_column_text]\n<h1>PILOT PROGRAMS<\/h1>\n<p>Son tres los programas piloto que van a demostrar la viabilidad de la Plataforma AGROgestor. Los pilotos se han elegido para responder a cada uno de los problemas ambientales objeto del proyecto: Escasez de agua, contaminaci\u00f3n por nitratos, y problem\u00e1tica de fertilizantes org\u00e1nicos. En los pilotos intervienen los gestores colectivos identificados en el proyecto: Comunidades de regantes, cooperativas agrarias, agroindustria, empresas de servicios, administraci\u00f3n y gestores de residuos.<\/p>\n<h3>&#8211; INTIA, en Navarra, se encarga del <strong>piloto demostrativo en zonas vulnerables por nitratos.<\/strong><\/h3>\n<p>Los gestores colectivos implicados en este piloto son: La Comunidad de Regantes de Sector I del Canal de Navarra-Valdizarbe,\u00a0 SAT Valleizarbe y coop. grupo Obanos, la Cooperativa\u00a0 Orval\u00e1iz, la sociedad concesionaria AGUACANAL y GAN.<\/p>\n<p>La zona regable del Sector I comprende 1.152 ha., de las cuales 717 ha. pertenecen a la Cooperativa de Orval\u00e1iz en la campa\u00f1a agr\u00edcola 2016-2017. Puesto en marcha en el a\u00f1o 2006, aspersi\u00f3n, presi\u00f3n a demanda.<\/p>\n<p>El n\u00famero de parcelas en regad\u00edo son 483, distribuidas en 174 unidades de riego, con un tama\u00f1o medio de 7 hect\u00e1reas.<\/p>\n<p>El 90% de la superficie de este sector est\u00e1 englobada en la zona vulnerable R\u00edo Robo.<\/p>\n<p>Ademas en este piloto hemos a\u00f1adido un objetivo prioritario para la Cooperativa Orvalaiz: Implantaci\u00f3n de la gesti\u00f3n colectiva en el seguimiento de las actuaciones en parcela en la Cooperativa Orvalaiz.<\/p>\n<p>Este segundo objetivo se va a abordar a nivel de toda la cooperativa, a trav\u00e9s de un grupo representativo de 64 agricultores (336 declaraciones PAC que suponen 16.800 ha). Trabajaremos la gesti\u00f3n colectiva de muestreo de suelos en\u00a0 50 parcelas piloto, y se eval\u00faan 4 parcelas test.<\/p>\n<p>El resumen de las acciones realizadas las puedes consultar : <a href=\"https:\/\/www.agrogestor.es\/sensibilizacion\/zonas-vulnerables-nitratos\/\">+INFO<\/a><\/p>\n<h3>&#8211; ITAP, en Albacete, se encarga del <strong>piloto demostrativo en cuencas en riesgo de sobreexplotaci\u00f3n.<\/strong><\/h3>\n<p>Los gestores colectivos implicados en este piloto son: C.R. \u201cEl Tesoro Cadillo\u201d,\u00a0 C.R. \u201cHoya del Aljibe\u201d,\u00a0 C.R. &#8220;Cruz Bermeja&#8221;, C.R. &#8220;La Molineta&#8221;, y la Junta General de Regantes de la Mancha Oriental.<\/p>\n<p>En la zona regable de La Mancha Oriental (Ac. 08.29) se concentran cerca de 120.000 ha de regad\u00edo (JCRMO, 2016), soportando desde un punto de vista cuantitativo y cualitativo una presi\u00f3n muy alta y encontr\u00e1ndose en riesgo de declaraci\u00f3n de sobreexplotaci\u00f3n.<\/p>\n<p>Los cultivos m\u00e1s recurrentes en la zona son: trigo, cebada, ma\u00edz, hort\u00edcolas como ajo y cebolla, industriales como adormidera y vid (y almendro) entre los le\u00f1osos.<\/p>\n<p>El resumen de las acciones realizadas las puedes consultar : <a href=\"https:\/\/www.agrogestor.es\/sensibilizacion\/sobreexplotacion-acuiferos\/\">+INFO<\/a><\/p>\n<h3>&#8211; MAS BADIA, en Catalu\u00f1a, se hace cargo del piloto demostrativo en zonas con elevada carga de deyecciones ganaderas.<\/h3>\n<p>Los gestores implicados en el piloto son: Cooperativa agraria de Torell\u00f3, Esporc, DARP y la Agencia Catalana del Agua (ACA).<\/p>\n<p>La comarca de OSONA concentra elevada actividad ganadera con problem\u00e1tica ambiental de altas aportaciones de materia org\u00e1nica.<\/p>\n<p>Niveles de mineralizaci\u00f3n y contaminaci\u00f3n en nitratos y fosfatos que se derivan a las masas de agua superficiales o subterr\u00e1neas.<\/p>\n<p>El resumen de las acciones realizadas las puedes consultar : <a href=\"https:\/\/www.agrogestor.es\/sensibilizacion\/uso-residuos-organicos\/\">+INFO<\/a>[\/vc_column_text][vc_single_image image=&#8221;234&#8243; img_size=&#8221;full&#8221;][\/vc_column][\/vc_row][vc_row css=&#8221;.vc_custom_1517006295381{margin-bottom: 0px !important;border-bottom-width: 0px !important;padding-bottom: 0px !important;}&#8221;][vc_column][vc_single_image image=&#8221;561&#8243; img_size=&#8221;full&#8221; css=&#8221;.vc_custom_1566290386045{margin-bottom: 0px !important;border-bottom-width: 0px !important;padding-bottom: 0px !important;}&#8221;][\/vc_column][\/vc_row]\n","protected":false},"excerpt":{"rendered":"<p> &#8230;<\/p>\n","protected":false},"author":1,"featured_media":0,"parent":25,"menu_order":0,"comment_status":"closed","ping_status":"closed","template":"","meta":{"footnotes":""},"class_list":["post-147","page","type-page","status-publish","hentry"],"_links":{"self":[{"href":"https:\/\/www.agrogestor.es\/en\/wp-json\/wp\/v2\/pages\/147","targetHints":{"allow":["GET"]}}],"collection":[{"href":"https:\/\/www.agrogestor.es\/en\/wp-json\/wp\/v2\/pages"}],"about":[{"href":"https:\/\/www.agrogestor.es\/en\/wp-json\/wp\/v2\/types\/page"}],"author":[{"embeddable":true,"href":"https:\/\/www.agrogestor.es\/en\/wp-json\/wp\/v2\/users\/1"}],"replies":[{"embeddable":true,"href":"https:\/\/www.agrogestor.es\/en\/wp-json\/wp\/v2\/comments?post=147"}],"version-history":[{"count":11,"href":"https:\/\/www.agrogestor.es\/en\/wp-json\/wp\/v2\/pages\/147\/revisions"}],"predecessor-version":[{"id":2665,"href":"https:\/\/www.agrogestor.es\/en\/wp-json\/wp\/v2\/pages\/147\/revisions\/2665"}],"up":[{"embeddable":true,"href":"https:\/\/www.agrogestor.es\/en\/wp-json\/wp\/v2\/pages\/25"}],"wp:attachment":[{"href":"https:\/\/www.agrogestor.es\/en\/wp-json\/wp\/v2\/media?parent=147"}],"curies":[{"name":"wp","href":"https:\/\/api.w.org\/{rel}","templated":true}]}}