{"id":152,"date":"2018-01-26T10:44:13","date_gmt":"2018-01-26T09:44:13","guid":{"rendered":"https:\/\/www.agrogestor.es\/en\/?page_id=152"},"modified":"2021-10-19T09:08:37","modified_gmt":"2021-10-19T07:08:37","slug":"results","status":"publish","type":"page","link":"https:\/\/www.agrogestor.es\/en\/the-project\/results\/","title":{"rendered":"Results"},"content":{"rendered":"[vc_row css=&#8221;.vc_custom_1517005333742{margin-top: 50px !important;}&#8221;][vc_column width=&#8221;1\/4&#8243;][vc_column_text css=&#8221;.vc_custom_1517136084225{margin-top: 5px !important;margin-bottom: 5px !important;border-top-width: 0px !important;border-bottom-width: 0px !important;padding-top: 5px !important;padding-right: 15px !important;padding-bottom: 5px !important;padding-left: 15px !important;background-color: #6db8e5 !important;}&#8221;]<strong style=\"color: #fff;\">THE PROJECT<\/strong>[\/vc_column_text][vc_column_text css=&#8221;.vc_custom_1517136100362{margin-top: 10px !important;margin-bottom: 10px !important;border-top-width: 0px !important;border-bottom-width: 0px !important;padding-top: 5px !important;padding-right: 15px !important;padding-bottom: 5px !important;padding-left: 15px !important;background-color: #f4f4f3 !important;}&#8221;]<a href=\"https:\/\/www.agrogestor.es\/en\/the-project\/partners\/\"><strong>Partners<\/strong><\/a>[\/vc_column_text][vc_column_text css=&#8221;.vc_custom_1517136118881{margin-top: 10px !important;margin-bottom: 10px !important;border-top-width: 0px !important;border-bottom-width: 0px !important;padding-top: 5px !important;padding-right: 15px !important;padding-bottom: 5px !important;padding-left: 15px !important;background-color: #f4f4f3 !important;}&#8221;]<a href=\"https:\/\/www.agrogestor.es\/en\/the-project\/actions\/\"><strong>Actions<\/strong><\/a>[\/vc_column_text][vc_column_text css=&#8221;.vc_custom_1517136163337{margin-top: 10px !important;margin-bottom: 10px !important;border-top-width: 0px !important;border-bottom-width: 0px !important;padding-top: 5px !important;padding-right: 15px !important;padding-bottom: 5px !important;padding-left: 15px !important;background-color: #f4f4f3 !important;}&#8221;]<a href=\"https:\/\/www.agrogestor.es\/en\/the-project\/pilot-programs\/\"><strong>Pilot programs<\/strong><\/a>[\/vc_column_text][vc_column_text css=&#8221;.vc_custom_1517136185937{margin-top: 10px !important;margin-bottom: 10px !important;border-top-width: 0px !important;border-bottom-width: 0px !important;padding-top: 5px !important;padding-right: 15px !important;padding-bottom: 5px !important;padding-left: 15px !important;background-color: #f4f4f3 !important;}&#8221;]<a href=\"https:\/\/www.agrogestor.es\/en\/the-project\/other-related-projects\/\"><strong>Other related projects<\/strong><\/a>[\/vc_column_text][vc_column_text css=&#8221;.vc_custom_1517136199536{margin-top: 10px !important;margin-bottom: 10px !important;border-top-width: 0px !important;border-bottom-width: 0px !important;padding-top: 5px !important;padding-right: 15px !important;padding-bottom: 5px !important;padding-left: 15px !important;background-color: #7cb03f !important;}&#8221;]<strong style=\"color: #fff;\">Results<\/strong>[\/vc_column_text][\/vc_column][vc_column width=&#8221;3\/4&#8243;][vc_column_text]\n<h1>RESULTS<\/h1>\n<p><strong>LIFE AGROgestor <\/strong><strong>es un proyecto creado para para apoyar la <u>gesti\u00f3n <\/u>y el <u>asesoramiento de cultivos<\/u> mediante plataformas digitales, que ha sido desarrollado durante 4 a\u00f1os en 9 Comunidades Aut\u00f3nomas.<\/strong><\/p>\n<p><strong>\u00bfQu\u00e9 retos se han abordado?<\/strong><\/p>\n<p>El proyecto se ha centrado en reducir el impacto medioambiental de la agricultura de regad\u00edo, desarrollando herramientas y promoviendo buenas pr\u00e1cticas, a trav\u00e9s de la gesti\u00f3n colectiva de la informaci\u00f3n y alineado con la estrategia \u2018De la Granja a la Mesa\u2019 promovida por la UE.<\/p>\n<p><strong>\u00bfC\u00f3mo se ha dise\u00f1ado?<\/strong><\/p>\n<p>Hemos creado herramientas para analizar con indicadores las explotaciones agr\u00edcolas, y apoyar a agricultores y t\u00e9cnicos asesores en la toma de decisiones.<\/p>\n<p><strong>\u00bfQu\u00e9 se ha conseguido?<\/strong><\/p>\n<p>LIFE AGROGESTOR ha creado herramientas para implantar y evaluar medidas promovidas por los ECO-esquemas en la nueva PAC, desarrollado dos plataformas digitales interconectadas: <strong>AGROgestor<\/strong> y <strong>AGROasesor,<\/strong> que las entidades socias hemos utilizado para apoyar la transformaci\u00f3n digital en el sector agrario.<\/p>\n<p><a href=\"https:\/\/www.agrogestor.es\/plataformas\/plataforma-agroasesor\/\"><strong>La plataforma AGROasesor<\/strong> <\/a>Conecta la gesti\u00f3n de actuaciones en parcela con el asesoramiento, mediante herramientas de ayuda a la decisi\u00f3n en fertilizaci\u00f3n, riego, seguimiento de cultivos v\u00eda sat\u00e9lite, indicadores de sostenibilidad<\/p>\n<p><a href=\"https:\/\/www.agrogestor.es\/plataformas\/plataforma-agrogestor\/\"><strong>La plataforma AGROgestor<\/strong><\/a> aporta los instrumentos necesarios para realizar una evaluaci\u00f3n de agrosistemas por indicadores, por medio del c\u00e1lculo de 31 indicadores de Productividad, Eficiencia y Sostenibilidad. Esta plataforma nos permite crear y analizar escenarios, simular y proponer estrategias de manejo, para finalmente, reevaluar en continuo los itinerarios de cultivo.<\/p>\n<p><strong>\u00bfQu\u00e9 estrategia hemos utilizado?<\/strong><\/p>\n<p>El proyecto ha establecido un <strong>canal de formaci\u00f3n y <a href=\"https:\/\/www.agrogestor.es\/sensibilizacion\/\">sensibilizaci\u00f3n<\/a><\/strong>, para apoyar al sector en la adopci\u00f3n de herramientas digitales para el seguimiento de las explotaciones alrededor de tres Programas ambientales:<\/p>\n<ul>\n<li><strong>Sobreexplotaci\u00f3n de acu\u00edferos<\/strong><\/li>\n<li><strong>Zonas de alta carga ganadera<\/strong><\/li>\n<li><strong>Zonas vulnerables a la contaminaci\u00f3n de nitratos<\/strong><\/li>\n<\/ul>\n<p>Estas herramientas se han validado a trav\u00e9s de 9 programas pilotos, con una diversidad agroclim\u00e1tica, diferentes tipos de cultivo y estructuras de producci\u00f3n, con la colaboraci\u00f3n de comunidades de regantes, cooperativas, explotaciones agr\u00edcolas\u2026<\/p>\n<p><strong>Nuestra visi\u00f3n de futuro<\/strong>: seguir acercando a agricultores y t\u00e9cnicos, herramientas para evaluar las explotaciones y apoyar la toma de decisiones, desde la base de <strong>compartir la informaci\u00f3n y el conocimiento <\/strong>entidades p\u00fablicas de gesti\u00f3n ambiental, de asesoramiento y de experimentaci\u00f3n agraria.[\/vc_column_text][vc_single_image image=&#8221;236&#8243; img_size=&#8221;full&#8221;][\/vc_column][\/vc_row][vc_row margin_bottom_class=&#8221;none&#8221; css=&#8221;.vc_custom_1517005468457{margin-bottom: 0px !important;padding-bottom: 0px !important;}&#8221;][vc_column][vc_single_image image=&#8221;561&#8243; img_size=&#8221;full&#8221; css=&#8221;.vc_custom_1566290459063{margin-bottom: 0px !important;border-bottom-width: 0px !important;padding-bottom: 0px !important;}&#8221;][\/vc_column][\/vc_row]\n","protected":false},"excerpt":{"rendered":"<p> &#8230;<\/p>\n","protected":false},"author":1,"featured_media":0,"parent":25,"menu_order":0,"comment_status":"closed","ping_status":"closed","template":"","meta":{"footnotes":""},"class_list":["post-152","page","type-page","status-publish","hentry"],"_links":{"self":[{"href":"https:\/\/www.agrogestor.es\/en\/wp-json\/wp\/v2\/pages\/152","targetHints":{"allow":["GET"]}}],"collection":[{"href":"https:\/\/www.agrogestor.es\/en\/wp-json\/wp\/v2\/pages"}],"about":[{"href":"https:\/\/www.agrogestor.es\/en\/wp-json\/wp\/v2\/types\/page"}],"author":[{"embeddable":true,"href":"https:\/\/www.agrogestor.es\/en\/wp-json\/wp\/v2\/users\/1"}],"replies":[{"embeddable":true,"href":"https:\/\/www.agrogestor.es\/en\/wp-json\/wp\/v2\/comments?post=152"}],"version-history":[{"count":13,"href":"https:\/\/www.agrogestor.es\/en\/wp-json\/wp\/v2\/pages\/152\/revisions"}],"predecessor-version":[{"id":2668,"href":"https:\/\/www.agrogestor.es\/en\/wp-json\/wp\/v2\/pages\/152\/revisions\/2668"}],"up":[{"embeddable":true,"href":"https:\/\/www.agrogestor.es\/en\/wp-json\/wp\/v2\/pages\/25"}],"wp:attachment":[{"href":"https:\/\/www.agrogestor.es\/en\/wp-json\/wp\/v2\/media?parent=152"}],"curies":[{"name":"wp","href":"https:\/\/api.w.org\/{rel}","templated":true}]}}