{"id":2070,"date":"2020-06-26T11:12:37","date_gmt":"2020-06-26T09:12:37","guid":{"rendered":"https:\/\/www.agrogestor.es\/en\/?page_id=2070"},"modified":"2021-10-19T09:21:47","modified_gmt":"2021-10-19T07:21:47","slug":"user-access","status":"publish","type":"page","link":"https:\/\/www.agrogestor.es\/en\/platforms\/agroasesor-platform\/user-access\/","title":{"rendered":"User access"},"content":{"rendered":"[vc_row][vc_column width=&#8221;1\/4&#8243; css=&#8221;.vc_custom_1585631271353{padding-top: 20px !important;}&#8221;][vc_column_text css=&#8221;.vc_custom_1593165126798{margin-top: 5px !important;margin-bottom: 5px !important;border-top-width: 0px !important;border-bottom-width: 0px !important;padding-top: 5px !important;padding-right: 15px !important;padding-bottom: 5px !important;padding-left: 15px !important;background-color: #7cb03f !important;}&#8221;]<a href=\"https:\/\/www.agrogestor.es\/en\/platforms\/agroasesor-platform\/\"><strong><strong style=\"color: #fff;\">AGROASESOR platform<\/strong><\/strong><\/a>[\/vc_column_text][vc_column_text css=&#8221;.vc_custom_1623403182775{margin-top: 10px !important;margin-bottom: 10px !important;border-top-width: 0px !important;border-bottom-width: 0px !important;padding-top: 5px !important;padding-right: 15px !important;padding-bottom: 5px !important;padding-left: 15px !important;background-color: #f4f4f3 !important;}&#8221;]<strong><a href=\"https:\/\/www.agrogestor.es\/plataformas\/plataforma-agroasesor\/demo-agroasesor\/\">DEMO AGROasesor<\/a><\/strong>[\/vc_column_text][vc_column_text css=&#8221;.vc_custom_1593165078517{margin-top: 10px !important;margin-bottom: 10px !important;border-top-width: 0px !important;border-bottom-width: 0px !important;padding-top: 5px !important;padding-right: 15px !important;padding-bottom: 5px !important;padding-left: 15px !important;background-color: #6db8e5 !important;}&#8221;]<strong><a href=\"https:\/\/www.agrogestor.es\/en\/platforms\/agroasesor-platform\/user-access\/\"><span style=\"color: #ffffff;\">User access<\/span><\/a><\/strong>[\/vc_column_text][vc_column_text css=&#8221;.vc_custom_1593164714978{margin-top: 10px !important;margin-bottom: 10px !important;border-top-width: 0px !important;border-bottom-width: 0px !important;padding-top: 5px !important;padding-right: 15px !important;padding-bottom: 5px !important;padding-left: 15px !important;background-color: #f4f4f3 !important;}&#8221;]<a href=\"https:\/\/www.agrogestor.es\/en\/platforms\/agroasesor-platform\/training\/\"><strong>Training<\/strong><\/a>[\/vc_column_text][vc_column_text css=&#8221;.vc_custom_1593164731407{margin-top: 10px !important;margin-bottom: 10px !important;margin-left: 15px !important;border-top-width: 0px !important;border-bottom-width: 0px !important;padding-top: 5px !important;padding-right: 15px !important;padding-bottom: 5px !important;padding-left: 15px !important;background-color: #f4f4f3 !important;}&#8221;]<a href=\"https:\/\/www.agrogestor.es\/en\/platforms\/agroasesor-platform\/training\/videos\/\"><strong>Videos<\/strong><\/a>[\/vc_column_text][vc_column_text css=&#8221;.vc_custom_1593164745046{margin-top: 10px !important;margin-bottom: 10px !important;margin-left: 15px !important;border-top-width: 0px !important;border-bottom-width: 0px !important;padding-top: 5px !important;padding-right: 15px !important;padding-bottom: 5px !important;padding-left: 15px !important;background-color: #f4f4f3 !important;}&#8221;]<a href=\"https:\/\/www.agrogestor.es\/en\/platforms\/agroasesor-platform\/training\/materials\/\"><strong>Materials<\/strong><\/a>[\/vc_column_text][vc_column_text css=&#8221;.vc_custom_1593164803572{margin-top: 10px !important;margin-bottom: 10px !important;margin-left: 15px !important;border-top-width: 0px !important;border-bottom-width: 0px !important;padding-top: 5px !important;padding-right: 15px !important;padding-bottom: 5px !important;padding-left: 15px !important;background-color: #f4f4f3 !important;}&#8221;]<a href=\"https:\/\/www.agrogestor.es\/en\/platforms\/agroasesor-platform\/training\/upcoming-courses\/\"><b>Upcoming courses<\/b><\/a>[\/vc_column_text][\/vc_column][vc_column width=&#8221;3\/4&#8243; css=&#8221;.vc_custom_1585593014670{padding-top: 13px !important;}&#8221;][vc_column_text]\n<h1>AGROASESOR platform. User access<\/h1>\n[\/vc_column_text][vc_single_image image=&#8221;1100&#8243; img_size=&#8221;full&#8221; onclick=&#8221;custom_link&#8221; img_link_target=&#8221;_blank&#8221; link=&#8221;http:\/\/agroasesor-pre.prodevelop.es\/&#8221;]<a href=\"https:\/\/agroasesor.prodevelop.es\/\" class=\"button button-md style-fill color-skin\" title=\"Accede con tu USUARIO y CONTRASE\u00d1A\" target=\"_blank\"><span>Accede con tu USUARIO y CONTRASE\u00d1A<\/span><\/a>[vc_column_text]Para registrarse el sistema le pedir\u00e1 datos personales y aceptar la pol\u00edtica de privacidad:[\/vc_column_text][vc_single_image image=&#8221;1106&#8243; img_size=&#8221;full&#8221; onclick=&#8221;custom_link&#8221; img_link_target=&#8221;_blank&#8221; link=&#8221;http:\/\/agroasesor-pre.prodevelop.es\/&#8221;][vc_column_text]\n<h3>Solicitud de informaci\u00f3n<\/h3>\n<p style=\"text-align: left;\" align=\"center\">Solicite m\u00e1s informaci\u00f3n sobre la plataforma <a href=\"mailto:altausuarios@agroasesor.es\">escribiendo a esta direcci\u00f3n<\/a><\/p>\n[\/vc_column_text]<a href=\"mailto:%20altausuarios@agroasesor.es\" class=\"button button-md style-fill color-skin\" title=\"SOLICITAR INFO\" target=\"_blank\"><span>SOLICITAR INFO<\/span><\/a>[vc_column_text]\n<h1>Niveles de Usuario<\/h1>\n<p>La plataforma est\u00e1 gestionada por un administrador general, y puede tener los siguientes niveles de usuario, con las siguientes competencias:<\/p>\n<p><strong>Entidad de Asesoramiento:<\/strong> Gestiona la informaci\u00f3n espec\u00edfica de cada CCAA, da de alta Programas Gestores, actualizaci\u00f3n del Sigpac, revisi\u00f3n de estaciones meteo, actualizaci\u00f3n de informaci\u00f3n geogr\u00e1fica y de las materias primas.<\/p>\n<p><strong>Programa Gestor:<\/strong> Gestiona las altas y bajas de agricultores de su programa gestor. Puede incorporar nuevas materias primas para usar en los inventarios de sus agricultores.<\/p>\n<p><strong>Asesor t\u00e9cnico:<\/strong> Visualiza toda la informaci\u00f3n de los agricultores asociados a los programas gestores a los que pertenece. Puede usar las Herramientas de ayuda a la decisi\u00f3n (HAD).<\/p>\n<p><strong>Agricultor:<\/strong> Puede gestionar varias declaraciones PAC en la plataforma. Cada declaraci\u00f3n PAC es una explotaci\u00f3n en la plataforma. Maneja un solo inventario para todas sus explotaciones. Accede a gestionar las actuaciones por parcela.[\/vc_column_text][\/vc_column][\/vc_row][vc_row css=&#8221;.vc_custom_1517041131206{margin-top: 50px !important;margin-bottom: 0px !important;border-bottom-width: 0px !important;padding-bottom: 0px !important;}&#8221;][vc_column][vc_single_image image=&#8221;2614&#8243; img_size=&#8221;full&#8221; css=&#8221;.vc_custom_1634628006696{margin-bottom: 0px !important;border-bottom-width: 0px !important;padding-bottom: 0px !important;}&#8221;][\/vc_column][\/vc_row]\n","protected":false},"excerpt":{"rendered":"<p> &#8230;<\/p>\n","protected":false},"author":1,"featured_media":0,"parent":691,"menu_order":0,"comment_status":"closed","ping_status":"closed","template":"","meta":{"footnotes":""},"class_list":["post-2070","page","type-page","status-publish","hentry"],"_links":{"self":[{"href":"https:\/\/www.agrogestor.es\/en\/wp-json\/wp\/v2\/pages\/2070","targetHints":{"allow":["GET"]}}],"collection":[{"href":"https:\/\/www.agrogestor.es\/en\/wp-json\/wp\/v2\/pages"}],"about":[{"href":"https:\/\/www.agrogestor.es\/en\/wp-json\/wp\/v2\/types\/page"}],"author":[{"embeddable":true,"href":"https:\/\/www.agrogestor.es\/en\/wp-json\/wp\/v2\/users\/1"}],"replies":[{"embeddable":true,"href":"https:\/\/www.agrogestor.es\/en\/wp-json\/wp\/v2\/comments?post=2070"}],"version-history":[{"count":17,"href":"https:\/\/www.agrogestor.es\/en\/wp-json\/wp\/v2\/pages\/2070\/revisions"}],"predecessor-version":[{"id":2674,"href":"https:\/\/www.agrogestor.es\/en\/wp-json\/wp\/v2\/pages\/2070\/revisions\/2674"}],"up":[{"embeddable":true,"href":"https:\/\/www.agrogestor.es\/en\/wp-json\/wp\/v2\/pages\/691"}],"wp:attachment":[{"href":"https:\/\/www.agrogestor.es\/en\/wp-json\/wp\/v2\/media?parent=2070"}],"curies":[{"name":"wp","href":"https:\/\/api.w.org\/{rel}","templated":true}]}}