{"id":2085,"date":"2020-06-26T11:39:47","date_gmt":"2020-06-26T09:39:47","guid":{"rendered":"https:\/\/www.agrogestor.es\/en\/?page_id=2085"},"modified":"2021-10-19T09:12:07","modified_gmt":"2021-10-19T07:12:07","slug":"videos","status":"publish","type":"page","link":"https:\/\/www.agrogestor.es\/en\/platforms\/agroasesor-platform\/training\/videos\/","title":{"rendered":"Videos"},"content":{"rendered":"[vc_row][vc_column width=&#8221;1\/4&#8243; css=&#8221;.vc_custom_1585631271353{padding-top: 20px !important;}&#8221;][vc_column_text css=&#8221;.vc_custom_1593165269425{margin-top: 5px !important;margin-bottom: 5px !important;border-top-width: 0px !important;border-bottom-width: 0px !important;padding-top: 5px !important;padding-right: 15px !important;padding-bottom: 5px !important;padding-left: 15px !important;background-color: #7cb03f !important;}&#8221;]<a href=\"https:\/\/www.agrogestor.es\/en\/platforms\/agroasesor-platform\/\"><strong style=\"color: #fff;\">AGROASESOR platform<\/strong><\/a>[\/vc_column_text][vc_column_text css=&#8221;.vc_custom_1593165352103{margin-top: 10px !important;margin-bottom: 10px !important;border-top-width: 0px !important;border-bottom-width: 0px !important;padding-top: 5px !important;padding-right: 15px !important;padding-bottom: 5px !important;padding-left: 15px !important;background-color: #f4f4f3 !important;}&#8221;]<strong><a href=\"https:\/\/www.agrogestor.es\/en\/platforms\/agroasesor-platform\/user-access\/\">User access<\/a><\/strong>[\/vc_column_text][vc_column_text css=&#8221;.vc_custom_1623403234453{margin-top: 10px !important;margin-bottom: 10px !important;border-top-width: 0px !important;border-bottom-width: 0px !important;padding-top: 5px !important;padding-right: 15px !important;padding-bottom: 5px !important;padding-left: 15px !important;background-color: #f4f4f3 !important;}&#8221;]<strong><a href=\"https:\/\/www.agrogestor.es\/plataformas\/plataforma-agroasesor\/demo-agroasesor\/\">DEMO AGROasesor<\/a><\/strong>[\/vc_column_text][vc_column_text css=&#8221;.vc_custom_1593165323631{margin-top: 10px !important;margin-bottom: 10px !important;border-top-width: 0px !important;border-bottom-width: 0px !important;padding-top: 5px !important;padding-right: 15px !important;padding-bottom: 5px !important;padding-left: 15px !important;background-color: #6db8e5 !important;}&#8221;]<a href=\"https:\/\/www.agrogestor.es\/en\/platforms\/agroasesor-platform\/training\/\"><strong style=\"color: #fff;\">Training<\/strong><\/a>[\/vc_column_text][vc_column_text css=&#8221;.vc_custom_1593168966194{margin-top: 10px !important;margin-bottom: 10px !important;margin-left: 15px !important;border-top-width: 0px !important;border-bottom-width: 0px !important;padding-top: 5px !important;padding-right: 15px !important;padding-bottom: 5px !important;padding-left: 15px !important;background-color: #f4f4f3 !important;}&#8221;]<strong>Videos<\/strong>[\/vc_column_text][vc_column_text css=&#8221;.vc_custom_1593164745046{margin-top: 10px !important;margin-bottom: 10px !important;margin-left: 15px !important;border-top-width: 0px !important;border-bottom-width: 0px !important;padding-top: 5px !important;padding-right: 15px !important;padding-bottom: 5px !important;padding-left: 15px !important;background-color: #f4f4f3 !important;}&#8221;]<a href=\"https:\/\/www.agrogestor.es\/en\/platforms\/agroasesor-platform\/training\/materials\/\"><strong>Materials<\/strong><\/a>[\/vc_column_text][vc_column_text css=&#8221;.vc_custom_1593164803572{margin-top: 10px !important;margin-bottom: 10px !important;margin-left: 15px !important;border-top-width: 0px !important;border-bottom-width: 0px !important;padding-top: 5px !important;padding-right: 15px !important;padding-bottom: 5px !important;padding-left: 15px !important;background-color: #f4f4f3 !important;}&#8221;]<a href=\"https:\/\/www.agrogestor.es\/en\/platforms\/agroasesor-platform\/training\/upcoming-courses\/\"><b>Upcoming courses<\/b><\/a>[\/vc_column_text][\/vc_column][vc_column width=&#8221;3\/4&#8243; css=&#8221;.vc_custom_1585593014670{padding-top: 13px !important;}&#8221;][vc_column_text]\n<h1>Videos of the training for AGROASESOR platform<\/h1>\n<p><a href=\"https:\/\/www.youtube.com\/watch?v=VPtqFZC3DrY&amp;t=7s\"><img loading=\"lazy\" decoding=\"async\" class=\"size-thumbnail wp-image-2808 alignleft\" src=\"https:\/\/www.agrogestor.es\/wp-content\/uploads\/2021\/05\/Diapositiva1-150x150.jpg\" alt=\"\" width=\"150\" height=\"150\" \/><\/a><strong>Formaci\u00f3n plataforma AGROasesor (Sesi\u00f3n 1).<\/strong><\/p>\n<p>INTIA 06\/05\/2021<\/p>\n<p>&nbsp;<\/p>\n<p>&nbsp;<\/p>\n<p><a href=\"https:\/\/www.youtube.com\/watch?v=CONrxjOzSF8\"><img loading=\"lazy\" decoding=\"async\" class=\"alignleft size-thumbnail wp-image-2809\" src=\"https:\/\/www.agrogestor.es\/wp-content\/uploads\/2021\/05\/Diapositiva2-150x150.jpg\" alt=\"\" width=\"150\" height=\"150\" \/><\/a><strong>Formaci\u00f3n plataforma AGROasesor (Sesi\u00f3n 2)<\/strong><\/p>\n<p>INTIA 13\/05\/2021<\/p>\n<p>&nbsp;<\/p>\n<p>&nbsp;<\/p>\n<p><a href=\"https:\/\/youtu.be\/dK6qRzd4GTE\"><img loading=\"lazy\" decoding=\"async\" class=\"alignleft size-thumbnail wp-image-2901\" src=\"https:\/\/www.agrogestor.es\/wp-content\/uploads\/2021\/06\/AGROasesor.-VIDEO-Gestion-de-actuaciones-fitosanitarias.-150x150.jpg\" alt=\"\" width=\"150\" height=\"150\" \/><\/a><strong>Gesti\u00f3n de actuaciones fitosanitarias.<\/strong><\/p>\n<p>La plataforma AGROgestor permite gestionar los cuadernos administrativos a trav\u00e9s de la informaci\u00f3n que los agricultores y t\u00e9cnicos gestionan en la nube.<\/p>\n<p>&nbsp;<\/p>\n<p><a href=\"https:\/\/youtu.be\/bNPm3RIX8tI\"><img loading=\"lazy\" decoding=\"async\" class=\"alignleft size-thumbnail wp-image-2902\" src=\"https:\/\/www.agrogestor.es\/wp-content\/uploads\/2021\/06\/AGROasesor.-VIDEO-Monotorizacion-de-cultivos-con-imagenes-de-teledeteccion-150x150.jpg\" alt=\"\" width=\"150\" height=\"150\" \/><\/a><strong>Monitorizaci\u00f3n de cultivos con im\u00e1genes de teledetecci\u00f3n.<\/strong><\/p>\n<p>La plataforma AGROasesor dispone de distintas herramientas para que agricultores y t\u00e9cnicos puedan analizar la evoluci\u00f3n de los cultivos.<\/p>\n[\/vc_column_text][\/vc_column][\/vc_row][vc_row css=&#8221;.vc_custom_1517041131206{margin-top: 50px !important;margin-bottom: 0px !important;border-bottom-width: 0px !important;padding-bottom: 0px !important;}&#8221;][vc_column][vc_single_image image=&#8221;688&#8243; img_size=&#8221;full&#8221; css=&#8221;.vc_custom_1593169347292{margin-bottom: 0px !important;border-bottom-width: 0px !important;padding-bottom: 0px !important;}&#8221;][\/vc_column][\/vc_row]\n","protected":false},"excerpt":{"rendered":"<p> &#8230;<\/p>\n","protected":false},"author":1,"featured_media":0,"parent":2083,"menu_order":0,"comment_status":"closed","ping_status":"closed","template":"","meta":{"footnotes":""},"class_list":["post-2085","page","type-page","status-publish","hentry"],"_links":{"self":[{"href":"https:\/\/www.agrogestor.es\/en\/wp-json\/wp\/v2\/pages\/2085","targetHints":{"allow":["GET"]}}],"collection":[{"href":"https:\/\/www.agrogestor.es\/en\/wp-json\/wp\/v2\/pages"}],"about":[{"href":"https:\/\/www.agrogestor.es\/en\/wp-json\/wp\/v2\/types\/page"}],"author":[{"embeddable":true,"href":"https:\/\/www.agrogestor.es\/en\/wp-json\/wp\/v2\/users\/1"}],"replies":[{"embeddable":true,"href":"https:\/\/www.agrogestor.es\/en\/wp-json\/wp\/v2\/comments?post=2085"}],"version-history":[{"count":8,"href":"https:\/\/www.agrogestor.es\/en\/wp-json\/wp\/v2\/pages\/2085\/revisions"}],"predecessor-version":[{"id":2669,"href":"https:\/\/www.agrogestor.es\/en\/wp-json\/wp\/v2\/pages\/2085\/revisions\/2669"}],"up":[{"embeddable":true,"href":"https:\/\/www.agrogestor.es\/en\/wp-json\/wp\/v2\/pages\/2083"}],"wp:attachment":[{"href":"https:\/\/www.agrogestor.es\/en\/wp-json\/wp\/v2\/media?parent=2085"}],"curies":[{"name":"wp","href":"https:\/\/api.w.org\/{rel}","templated":true}]}}