{"id":2087,"date":"2020-06-26T11:40:53","date_gmt":"2020-06-26T09:40:53","guid":{"rendered":"https:\/\/www.agrogestor.es\/en\/?page_id=2087"},"modified":"2021-10-19T09:17:49","modified_gmt":"2021-10-19T07:17:49","slug":"materials","status":"publish","type":"page","link":"https:\/\/www.agrogestor.es\/en\/platforms\/agroasesor-platform\/training\/materials\/","title":{"rendered":"Materials"},"content":{"rendered":"[vc_row][vc_column width=&#8221;1\/4&#8243; css=&#8221;.vc_custom_1585631271353{padding-top: 20px !important;}&#8221;][vc_column_text css=&#8221;.vc_custom_1593165269425{margin-top: 5px !important;margin-bottom: 5px !important;border-top-width: 0px !important;border-bottom-width: 0px !important;padding-top: 5px !important;padding-right: 15px !important;padding-bottom: 5px !important;padding-left: 15px !important;background-color: #7cb03f !important;}&#8221;]<a href=\"https:\/\/www.agrogestor.es\/en\/platforms\/agroasesor-platform\/\"><strong style=\"color: #fff;\">AGROASESOR platform<\/strong><\/a>[\/vc_column_text][vc_column_text css=&#8221;.vc_custom_1593165352103{margin-top: 10px !important;margin-bottom: 10px !important;border-top-width: 0px !important;border-bottom-width: 0px !important;padding-top: 5px !important;padding-right: 15px !important;padding-bottom: 5px !important;padding-left: 15px !important;background-color: #f4f4f3 !important;}&#8221;]<strong><a href=\"https:\/\/www.agrogestor.es\/en\/platforms\/agroasesor-platform\/user-access\/\">User access<\/a><\/strong>[\/vc_column_text][vc_column_text css=&#8221;.vc_custom_1623403256348{margin-top: 10px !important;margin-bottom: 10px !important;border-top-width: 0px !important;border-bottom-width: 0px !important;padding-top: 5px !important;padding-right: 15px !important;padding-bottom: 5px !important;padding-left: 15px !important;background-color: #f4f4f3 !important;}&#8221;]<strong><a href=\"https:\/\/www.agrogestor.es\/plataformas\/plataforma-agroasesor\/demo-agroasesor\/\">DEMO AGROasesor<\/a><\/strong>[\/vc_column_text][vc_column_text css=&#8221;.vc_custom_1593165323631{margin-top: 10px !important;margin-bottom: 10px !important;border-top-width: 0px !important;border-bottom-width: 0px !important;padding-top: 5px !important;padding-right: 15px !important;padding-bottom: 5px !important;padding-left: 15px !important;background-color: #6db8e5 !important;}&#8221;]<a href=\"https:\/\/www.agrogestor.es\/en\/platforms\/agroasesor-platform\/training\/\"><strong style=\"color: #fff;\">Training<\/strong><\/a>[\/vc_column_text][vc_column_text css=&#8221;.vc_custom_1593164731407{margin-top: 10px !important;margin-bottom: 10px !important;margin-left: 15px !important;border-top-width: 0px !important;border-bottom-width: 0px !important;padding-top: 5px !important;padding-right: 15px !important;padding-bottom: 5px !important;padding-left: 15px !important;background-color: #f4f4f3 !important;}&#8221;]<a href=\"https:\/\/www.agrogestor.es\/en\/platforms\/agroasesor-platform\/training\/videos\/\"><strong>Videos<\/strong><\/a>[\/vc_column_text][vc_column_text css=&#8221;.vc_custom_1593168995354{margin-top: 10px !important;margin-bottom: 10px !important;margin-left: 15px !important;border-top-width: 0px !important;border-bottom-width: 0px !important;padding-top: 5px !important;padding-right: 15px !important;padding-bottom: 5px !important;padding-left: 15px !important;background-color: #f4f4f3 !important;}&#8221;]<strong>Materials<\/strong>[\/vc_column_text][vc_column_text css=&#8221;.vc_custom_1593164803572{margin-top: 10px !important;margin-bottom: 10px !important;margin-left: 15px !important;border-top-width: 0px !important;border-bottom-width: 0px !important;padding-top: 5px !important;padding-right: 15px !important;padding-bottom: 5px !important;padding-left: 15px !important;background-color: #f4f4f3 !important;}&#8221;]<a href=\"https:\/\/www.agrogestor.es\/en\/platforms\/agroasesor-platform\/training\/upcoming-courses\/\"><b>Upcoming courses<\/b><\/a>[\/vc_column_text][\/vc_column][vc_column width=&#8221;3\/4&#8243; css=&#8221;.vc_custom_1585593014670{padding-top: 13px !important;}&#8221;][vc_column_text]\n<h1>AGROasesor platform training materials<\/h1>\n<h1><\/h1>\n[\/vc_column_text]<div class=\"container\">[vc_row_inner][vc_column_inner width=&#8221;1\/3&#8243; css=&#8221;.vc_custom_1589911099571{margin-top: 0px !important;margin-right: 0px !important;margin-bottom: 0px !important;margin-left: 0px !important;border-top-width: 2px !important;border-right-width: 2px !important;border-bottom-width: 2px !important;border-left-width: 2px !important;padding-top: 5px !important;border-left-color: #b5b5b5 !important;border-left-style: solid !important;border-right-color: #b5b5b5 !important;border-right-style: solid !important;border-top-color: #b5b5b5 !important;border-top-style: solid !important;border-bottom-color: #b5b5b5 !important;border-bottom-style: solid !important;}&#8221;][vc_column_text]\n<h3><strong>Manual Completo de Usuario<\/strong><\/h3>\n[\/vc_column_text]<a href=\"https:\/\/www.agrogestor.es\/wp-content\/uploads\/2021\/01\/Manual_aplicacion_AGROasesor_V4_ene_2021.pdf\" class=\"button button-sm style-fill color-skin\" title=\"MANUAL PLATAFORMA AGROasesor \" target=\"_blank\"><span>Ver Manual (PDF)<\/span><\/a>[vc_separator color=&#8221;custom&#8221; align=&#8221;align_left&#8221; border_width=&#8221;2&#8243; accent_color=&#8221;#b5b5b5&#8243; css=&#8221;.vc_custom_1627381023913{border-top-width: -1px !important;border-right-width: -1px !important;border-bottom-width: -1px !important;border-left-width: -1px !important;}&#8221;][vc_column_text]\n<h3><strong>Monotorizaci\u00f3n de Cultivos con Teledetecci\u00f3n<\/strong><\/h3>\n<p>Curvas de evoluci\u00f3n de \u00edndices vegetativos[\/vc_column_text]<a href=\"https:\/\/www.agrogestor.es\/wp-content\/uploads\/2021\/04\/MANUAL-2021-HAD-Series-Temporales_V2-1.pdf\" class=\"button button-sm style-fill color-skin\" title=\"MANUAL MONOTORIZACI\u00d3N DE CULTIVOS CON TELEDETECCI\u00d3N\" target=\"_blank\"><span>Ver Manual (PDF)<\/span><\/a>[vc_separator color=&#8221;custom&#8221; align=&#8221;align_left&#8221; border_width=&#8221;2&#8243; accent_color=&#8221;#b5b5b5&#8243; css=&#8221;.vc_custom_1589824682793{border-top-width: -1px !important;border-right-width: -1px !important;border-bottom-width: -1px !important;border-left-width: -1px !important;}&#8221;][vc_column_text]\n<h3><strong>HAD RIEGO:<\/strong> <strong>Herramienta de ayuda a la decisi\u00f3n para la gesti\u00f3n del agua de riego.<\/strong><\/h3>\n[\/vc_column_text]<a href=\"https:\/\/www.agrogestor.es\/wp-content\/uploads\/2021\/04\/MANUAL-2021-HAD-Riego_V1.pdf\" class=\"button button-sm style-fill color-skin\" title=\"MANUAL HAD RIEGO\" target=\"_blank\"><span>Ver MANUAL (PDF)<\/span><\/a>[vc_separator color=&#8221;custom&#8221; align=&#8221;align_left&#8221; border_width=&#8221;2&#8243; accent_color=&#8221;#b5b5b5&#8243; css=&#8221;.vc_custom_1589824682793{border-top-width: -1px !important;border-right-width: -1px !important;border-bottom-width: -1px !important;border-left-width: -1px !important;}&#8221;][vc_column_text]\n<h3><strong>HAD PK:<\/strong> <strong>Herramienta de Ayuda a la Decisi\u00f3n de la Fertilizaci\u00f3n Fosfopot\u00e1sica.<\/strong><\/h3>\n[\/vc_column_text]<a href=\"https:\/\/www.agrogestor.es\/wp-content\/uploads\/2021\/03\/10_MANUAL-2021-HAD-PK_V1.pdf\" class=\"button button-sm style-fill color-skin\" title=\"MANUAL HAD PK\" target=\"_blank\"><span>Ver MANUAL (PDF)<\/span><\/a>[vc_separator color=&#8221;custom&#8221; align=&#8221;align_left&#8221; border_width=&#8221;2&#8243; accent_color=&#8221;#b5b5b5&#8243; css=&#8221;.vc_custom_1589824682793{border-top-width: -1px !important;border-right-width: -1px !important;border-bottom-width: -1px !important;border-left-width: -1px !important;}&#8221;][vc_column_text]\n<h3><strong>HAD Variedad: Elecci\u00f3n varietal.<\/strong><\/h3>\n[\/vc_column_text]<a href=\"https:\/\/www.agrogestor.es\/wp-content\/uploads\/2021\/03\/11_MANUAL-2021-HAD-Variedad_V1.pdf\" class=\"button button-sm style-fill color-skin\" title=\"MANUAL HAD VARIEDAD\" target=\"_blank\"><span>Ver MANUAL (PDF)<\/span><\/a>[vc_separator color=&#8221;custom&#8221; align=&#8221;align_left&#8221; border_width=&#8221;2&#8243; accent_color=&#8221;#b5b5b5&#8243; css=&#8221;.vc_custom_1589824682793{border-top-width: -1px !important;border-right-width: -1px !important;border-bottom-width: -1px !important;border-left-width: -1px !important;}&#8221;][vc_column_text]\n<h3><strong>Gesti\u00f3n Administrativa de Titulares PAC<\/strong><\/h3>\n[\/vc_column_text]<a href=\"https:\/\/www.agrogestor.es\/wp-content\/uploads\/2021\/03\/04_MANUAL-2021-Informes_Gestion-Administrativa_V1.pdf\" class=\"button button-sm style-fill color-skin\" title=\"Manual INFORMES GESTI\u00d3N ADMINISTRATIVA\" target=\"_blank\"><span>Ver Manual (PDF)<\/span><\/a>[\/vc_column_inner][vc_column_inner width=&#8221;1\/3&#8243; css=&#8221;.vc_custom_1589907812056{margin-top: 0px !important;margin-right: 0px !important;margin-bottom: 0px !important;margin-left: 0px !important;border-top-width: 2px !important;border-right-width: 2px !important;border-bottom-width: 2px !important;border-left-width: 2px !important;padding-top: 5px !important;border-left-color: #b5b5b5 !important;border-left-style: solid !important;border-right-color: #b5b5b5 !important;border-right-style: solid !important;border-top-color: #b5b5b5 !important;border-top-style: solid !important;border-bottom-color: #b5b5b5 !important;border-bottom-style: solid !important;}&#8221;][vc_column_text]\n<h3><strong>Gesti\u00f3n de Parcelas\u00a0<\/strong><\/h3>\n<p>Gesti\u00f3n de Explotaciones y Parcelas Agr\u00edcolas (UGCs).[\/vc_column_text]<a href=\"https:\/\/www.agrogestor.es\/wp-content\/uploads\/2021\/04\/MANUAL-2021-Gestion-UGCs_V1.pptx.pdf\" class=\"button button-sm style-fill color-skin\" title=\"MANUAL GESTI\u00d3N PARCELAS\" target=\"_blank\"><span>Ver manual (PDF)<\/span><\/a>[vc_separator color=&#8221;custom&#8221; align=&#8221;align_left&#8221; border_width=&#8221;2&#8243; accent_color=&#8221;#b5b5b5&#8243; css=&#8221;.vc_custom_1589907771365{margin-right: 0px !important;border-top-width: -1px !important;border-right-width: 0px !important;border-bottom-width: -1px !important;border-left-width: 0px !important;}&#8221;][vc_column_text]\n<h3><strong>Mapas de Aplicaci\u00f3n para Dosificaci\u00f3n Variable.<\/strong><\/h3>\n<p>Clasificaci\u00f3n intraparcelaria[\/vc_column_text]<a href=\"https:\/\/www.agrogestor.es\/wp-content\/uploads\/2021\/07\/05_MANUAL-2021-HAD-Clasificar-UGC-por-indice_v3.pdf\" class=\"button button-sm style-fill color-skin\" title=\"MANUAL MAPAS DE APLICACI\u00d3N\" target=\"_blank\"><span>Ver MANUAL (PDF)<\/span><\/a>[vc_separator color=&#8221;custom&#8221; align=&#8221;align_left&#8221; border_width=&#8221;2&#8243; accent_color=&#8221;#b5b5b5&#8243; css=&#8221;.vc_custom_1589824682793{border-top-width: -1px !important;border-right-width: -1px !important;border-bottom-width: -1px !important;border-left-width: -1px !important;}&#8221;][vc_column_text]\n<h3><strong>HAD RIEGO:<\/strong> <strong>Manual completo de la herramienta y manejo para uso en riego deficitario.<\/strong><\/h3>\n[\/vc_column_text]<a href=\"https:\/\/www.agrogestor.es\/wp-content\/uploads\/2021\/06\/08_MANUAL-2021-HAD-RiegoDeficitario.pdf\" class=\"button button-sm style-fill color-skin\" title=\"MANUAL HAD RIEGO DEFICITARIO\" target=\"_blank\"><span>Ver MANUAL (PDF)<\/span><\/a>[vc_separator color=&#8221;custom&#8221; align=&#8221;align_left&#8221; border_width=&#8221;2&#8243; accent_color=&#8221;#b5b5b5&#8243; css=&#8221;.vc_custom_1589824682793{border-top-width: -1px !important;border-right-width: -1px !important;border-bottom-width: -1px !important;border-left-width: -1px !important;}&#8221;][vc_column_text]\n<h3><strong>HAD Control:<\/strong> C<strong>ontrol de plagas y enfermedades.<\/strong><\/h3>\n[\/vc_column_text]<a href=\"https:\/\/www.agrogestor.es\/wp-content\/uploads\/2021\/03\/13_MANUAL-2021-HAD-Control_V2.pdf\" class=\"button button-sm style-fill color-skin\" title=\"MANUAL HAD CONTROL\" target=\"_blank\"><span>Ver MANUAL (PDF)<\/span><\/a>[vc_separator color=&#8221;custom&#8221; align=&#8221;align_left&#8221; border_width=&#8221;2&#8243; accent_color=&#8221;#b5b5b5&#8243; css=&#8221;.vc_custom_1589824682793{border-top-width: -1px !important;border-right-width: -1px !important;border-bottom-width: -1px !important;border-left-width: -1px !important;}&#8221;][vc_column_text]\n<h3><strong>Informes por Explotaci\u00f3n: <\/strong>Cuaderno de Explotaci\u00f3n, Resumen PAC, Resumen Producci\u00f3n, Resumen Actuaciones.<\/h3>\n[\/vc_column_text]<a href=\"https:\/\/www.agrogestor.es\/wp-content\/uploads\/2021\/04\/MANUAL-2021-Informes_Informes-por-Explotacion_V1.pdf\" class=\"button button-sm style-fill color-skin\" title=\"MANUAL INFORMES POR EXPLOTACI\u00d3N\" target=\"_blank\"><span>Ver MANUAL (PDF)<\/span><\/a>[\/vc_column_inner][vc_column_inner width=&#8221;1\/3&#8243; css=&#8221;.vc_custom_1589907632033{margin-top: 0px !important;margin-right: 0px !important;margin-bottom: 0px !important;margin-left: 0px !important;border-top-width: 2px !important;border-right-width: 2px !important;border-bottom-width: 2px !important;border-left-width: 2px !important;padding-top: 5px !important;border-left-color: #b5b5b5 !important;border-left-style: solid !important;border-right-color: #b5b5b5 !important;border-right-style: solid !important;border-top-color: #b5b5b5 !important;border-top-style: solid !important;border-bottom-color: #b5b5b5 !important;border-bottom-style: solid !important;}&#8221;][vc_column_text]\n<h3><strong>APP AGROasesor<\/strong><\/h3>\n<p>Funcionalidades optimizadas, disponible para IOS y Android[\/vc_column_text]<a href=\"https:\/\/www.agrogestor.es\/wp-content\/uploads\/2021\/03\/07_MANUAL-2021-App-v2.pdf\" class=\"button button-sm style-fill color-skin\" title=\"MANUAL APP\" target=\"_blank\"><span>Ver Manual (PDF)<\/span><\/a>[vc_separator color=&#8221;custom&#8221; align=&#8221;align_left&#8221; border_width=&#8221;2&#8243; accent_color=&#8221;#b5b5b5&#8243; css=&#8221;.vc_custom_1589824682793{border-top-width: -1px !important;border-right-width: -1px !important;border-bottom-width: -1px !important;border-left-width: -1px !important;}&#8221;][vc_column_text]\n<h3><strong>Crear mapas de aplicaci\u00f3n variable en consolas de maquinaria de precisi\u00f3n.<\/strong><\/h3>\n[\/vc_column_text]<a href=\"https:\/\/www.agrogestor.es\/wp-content\/uploads\/2021\/09\/06_Crear-mapas-de-aplicacion-variable-en-consolas-para-maquinaria-de-precision.pdf\" class=\"button button-sm style-fill color-skin\" title=\"MANUAL CREAR MAPAS DE APLICACI\u00d3N PARA CONSOLAS\" target=\"_blank\"><span>Ver manual (PDF)<\/span><\/a>[vc_separator color=&#8221;custom&#8221; align=&#8221;align_left&#8221; border_width=&#8221;2&#8243; accent_color=&#8221;#b5b5b5&#8243; css=&#8221;.vc_custom_1589824682793{border-top-width: -1px !important;border-right-width: -1px !important;border-bottom-width: -1px !important;border-left-width: -1px !important;}&#8221;][vc_column_text]\n<h3><strong>HAD Clasificaci\u00f3n de parcelas por Teledetecci\u00f3n.<\/strong><\/h3>\n[\/vc_column_text]<a href=\"https:\/\/www.agrogestor.es\/wp-content\/uploads\/2021\/04\/MANUAL-2021-HAD-Clasificacion_V2.pdf\" class=\"button button-sm style-fill color-skin\" title=\"MANUAL CLASIFICACI\u00d3N DE PARCELAS POR TELEDETECCI\u00d3N \" target=\"_blank\"><span>Ver manual (PDF)<\/span><\/a>[vc_separator color=&#8221;custom&#8221; align=&#8221;align_left&#8221; border_width=&#8221;2&#8243; accent_color=&#8221;#b5b5b5&#8243; css=&#8221;.vc_custom_1589824682793{border-top-width: -1px !important;border-right-width: -1px !important;border-bottom-width: -1px !important;border-left-width: -1px !important;}&#8221;][vc_column_text]\n<h3><strong>HAD NITRO<\/strong>: <strong>Herramienta de Ayuda a la Decisi\u00f3n de la Fertilizaci\u00f3n Nitrogenada.<\/strong><\/h3>\n[\/vc_column_text]<a href=\"https:\/\/www.agrogestor.es\/wp-content\/uploads\/2021\/03\/09_MANUAL-2021-HAD-NITRO-A4-v1.pdf\" class=\"button button-sm style-fill color-skin\" title=\"MANUAL HAD NITRO\" target=\"_blank\"><span>Ver MANUAL (PDF)<\/span><\/a>[vc_separator color=&#8221;custom&#8221; align=&#8221;align_left&#8221; border_width=&#8221;2&#8243; accent_color=&#8221;#b5b5b5&#8243; css=&#8221;.vc_custom_1589824682793{border-top-width: -1px !important;border-right-width: -1px !important;border-bottom-width: -1px !important;border-left-width: -1px !important;}&#8221;][vc_column_text]\n<h3><strong>Aplicaci\u00f3n de Fitosanitarios<\/strong><\/h3>\n[\/vc_column_text]<a href=\"https:\/\/www.agrogestor.es\/wp-content\/uploads\/2021\/03\/03_MANUAL-2021-Aplicacion-Fitosanitarios_v1.pdf\" class=\"button button-sm style-fill color-skin\" title=\"MANUAL FITOSANITARIOS\" target=\"_blank\"><span>Ver manual (PDF)<\/span><\/a>[vc_separator color=&#8221;custom&#8221; align=&#8221;align_left&#8221; border_width=&#8221;2&#8243; accent_color=&#8221;#b5b5b5&#8243; css=&#8221;.vc_custom_1589824682793{border-top-width: -1px !important;border-right-width: -1px !important;border-bottom-width: -1px !important;border-left-width: -1px !important;}&#8221;][vc_column_text]\n<h3><strong>Registro de Transacciones.<\/strong><\/h3>\n[\/vc_column_text]<a href=\"https:\/\/www.agrogestor.es\/wp-content\/uploads\/2021\/04\/MANUAL-2021-Informes_Registro-de-Transacciones_V1.pdf\" class=\"button button-sm style-fill color-skin\" title=\"MANUAL REGISTRO DE TRANSACCIONES\" target=\"_blank\"><span>Ver MANUAL (PDF)<\/span><\/a>[vc_separator color=&#8221;custom&#8221; align=&#8221;align_left&#8221; border_width=&#8221;2&#8243; accent_color=&#8221;#b5b5b5&#8243; css=&#8221;.vc_custom_1589824682793{border-top-width: -1px !important;border-right-width: -1px !important;border-bottom-width: -1px !important;border-left-width: -1px !important;}&#8221;][vc_column_text]\n<h3><strong>HAD Indicadores<\/strong><\/h3>\n[\/vc_column_text]<a href=\"https:\/\/www.agrogestor.es\/wp-content\/uploads\/2021\/06\/19_MANUAL-2021-HAD-Indicadores-def.pdf\" class=\"button button-sm style-fill color-skin\" title=\"MANUAL INDICADORES\" target=\"_blank\"><span>Ver MANUAL (PDF)<\/span><\/a>[\/vc_column_inner][\/vc_row_inner][vc_separator color=&#8221;custom&#8221; align=&#8221;align_left&#8221; border_width=&#8221;2&#8243; accent_color=&#8221;#b5b5b5&#8243; css=&#8221;.vc_custom_1589824682793{border-top-width: -1px !important;border-right-width: -1px !important;border-bottom-width: -1px !important;border-left-width: -1px !important;}&#8221;]<\/div>[\/vc_column][\/vc_row][vc_row css=&#8221;.vc_custom_1517041131206{margin-top: 50px !important;margin-bottom: 0px !important;border-bottom-width: 0px !important;padding-bottom: 0px !important;}&#8221;][vc_column][vc_single_image image=&#8221;2614&#8243; img_size=&#8221;full&#8221; css=&#8221;.vc_custom_1634627866776{margin-bottom: 0px !important;border-bottom-width: 0px !important;padding-bottom: 0px !important;}&#8221;][\/vc_column][\/vc_row]\n","protected":false},"excerpt":{"rendered":"<p> &#8230;<\/p>\n","protected":false},"author":1,"featured_media":0,"parent":2083,"menu_order":0,"comment_status":"closed","ping_status":"closed","template":"","meta":{"footnotes":""},"class_list":["post-2087","page","type-page","status-publish","hentry"],"_links":{"self":[{"href":"https:\/\/www.agrogestor.es\/en\/wp-json\/wp\/v2\/pages\/2087","targetHints":{"allow":["GET"]}}],"collection":[{"href":"https:\/\/www.agrogestor.es\/en\/wp-json\/wp\/v2\/pages"}],"about":[{"href":"https:\/\/www.agrogestor.es\/en\/wp-json\/wp\/v2\/types\/page"}],"author":[{"embeddable":true,"href":"https:\/\/www.agrogestor.es\/en\/wp-json\/wp\/v2\/users\/1"}],"replies":[{"embeddable":true,"href":"https:\/\/www.agrogestor.es\/en\/wp-json\/wp\/v2\/comments?post=2087"}],"version-history":[{"count":34,"href":"https:\/\/www.agrogestor.es\/en\/wp-json\/wp\/v2\/pages\/2087\/revisions"}],"predecessor-version":[{"id":2672,"href":"https:\/\/www.agrogestor.es\/en\/wp-json\/wp\/v2\/pages\/2087\/revisions\/2672"}],"up":[{"embeddable":true,"href":"https:\/\/www.agrogestor.es\/en\/wp-json\/wp\/v2\/pages\/2083"}],"wp:attachment":[{"href":"https:\/\/www.agrogestor.es\/en\/wp-json\/wp\/v2\/media?parent=2087"}],"curies":[{"name":"wp","href":"https:\/\/api.w.org\/{rel}","templated":true}]}}