{"id":2233,"date":"2020-06-27T08:01:21","date_gmt":"2020-06-27T06:01:21","guid":{"rendered":"https:\/\/www.agrogestor.es\/en\/?page_id=2233"},"modified":"2021-06-11T10:28:08","modified_gmt":"2021-06-11T08:28:08","slug":"administrative-reports","status":"publish","type":"page","link":"https:\/\/www.agrogestor.es\/en\/platforms\/agroasesor-platform\/administrative-reports\/","title":{"rendered":"Characterization plots"},"content":{"rendered":"[vc_row][vc_column width=&#8221;1\/4&#8243; css=&#8221;.vc_custom_1585631271353{padding-top: 20px !important;}&#8221;][vc_column_text css=&#8221;.vc_custom_1593153484844{margin-top: 5px !important;margin-bottom: 5px !important;border-top-width: 0px !important;border-bottom-width: 0px !important;padding-top: 5px !important;padding-right: 15px !important;padding-bottom: 5px !important;padding-left: 15px !important;background-color: #7cb03f !important;}&#8221;]<a href=\"https:\/\/www.agrogestor.es\/en\/platforms\/agroasesor-platform\/\"><strong style=\"color: #fff;\">AGROASESOR platform<\/strong><\/a>[\/vc_column_text][vc_column_text css=&#8221;.vc_custom_1593164696025{margin-top: 10px !important;margin-bottom: 10px !important;border-top-width: 0px !important;border-bottom-width: 0px !important;padding-top: 5px !important;padding-right: 15px !important;padding-bottom: 5px !important;padding-left: 15px !important;background-color: #f4f4f3 !important;}&#8221;]<strong><a href=\"https:\/\/www.agrogestor.es\/en\/platforms\/agroasesor-platform\/user-access\/\">User access<\/a><\/strong>[\/vc_column_text][vc_column_text css=&#8221;.vc_custom_1593164714978{margin-top: 10px !important;margin-bottom: 10px !important;border-top-width: 0px !important;border-bottom-width: 0px !important;padding-top: 5px !important;padding-right: 15px !important;padding-bottom: 5px !important;padding-left: 15px !important;background-color: #f4f4f3 !important;}&#8221;]<a href=\"https:\/\/www.agrogestor.es\/en\/platforms\/agroasesor-platform\/training\/\"><strong>Training<\/strong><\/a>[\/vc_column_text][vc_column_text css=&#8221;.vc_custom_1593164731407{margin-top: 10px !important;margin-bottom: 10px !important;margin-left: 15px !important;border-top-width: 0px !important;border-bottom-width: 0px !important;padding-top: 5px !important;padding-right: 15px !important;padding-bottom: 5px !important;padding-left: 15px !important;background-color: #f4f4f3 !important;}&#8221;]<a href=\"https:\/\/www.agrogestor.es\/en\/platforms\/agroasesor-platform\/training\/videos\/\"><strong>Videos<\/strong><\/a>[\/vc_column_text][vc_column_text css=&#8221;.vc_custom_1593164745046{margin-top: 10px !important;margin-bottom: 10px !important;margin-left: 15px !important;border-top-width: 0px !important;border-bottom-width: 0px !important;padding-top: 5px !important;padding-right: 15px !important;padding-bottom: 5px !important;padding-left: 15px !important;background-color: #f4f4f3 !important;}&#8221;]<a href=\"https:\/\/www.agrogestor.es\/en\/platforms\/agroasesor-platform\/training\/materials\/\"><strong>Materials<\/strong><\/a>[\/vc_column_text][vc_column_text css=&#8221;.vc_custom_1619012553875{margin-top: 10px !important;margin-bottom: 10px !important;margin-left: 15px !important;border-top-width: 0px !important;border-bottom-width: 0px !important;padding-top: 5px !important;padding-right: 15px !important;padding-bottom: 5px !important;padding-left: 15px !important;background-color: #f4f4f3 !important;}&#8221;]<a href=\"https:\/\/www.agrogestor.es\/en\/platforms\/agroasesor-platform\/training\/upcoming-courses\/\"><b>Courses<\/b><\/a>[\/vc_column_text][\/vc_column][vc_column width=&#8221;3\/4&#8243; css=&#8221;.vc_custom_1585593014670{padding-top: 13px !important;}&#8221;][vc_row_inner content_placement=&#8221;middle&#8221; css=&#8221;.vc_custom_1589868830321{margin-bottom: 0px !important;border-bottom-width: 0px !important;padding-bottom: 0px !important;}&#8221;][vc_column_inner width=&#8221;2\/6&#8243;][vc_single_image image=&#8221;1709&#8243; img_size=&#8221;medium&#8221; css=&#8221;.vc_custom_1589868845139{margin-bottom: 0px !important;border-bottom-width: 0px !important;padding-bottom: 0px !important;}&#8221;][\/vc_column_inner][vc_column_inner width=&#8221;3\/6&#8243;][vc_column_text css=&#8221;.vc_custom_1619012353356{margin-bottom: 0px !important;border-bottom-width: 0px !important;padding-bottom: 0px !important;}&#8221;]\n<h1>Characterization plots<\/h1>\n[\/vc_column_text][\/vc_column_inner][\/vc_row_inner][vc_column_text]<span style=\"color: #000080;\"><b><span style=\"color: #3366ff;\">INFORMACI\u00d3N METEOROL\u00d3GICA Y CLIM\u00c1TICA<\/span>\u00a0<\/b><\/span><\/p>\n<p><span style=\"color: #3366ff;\"><b>AGROasesor<\/b><\/span><span style=\"font-weight: 400;\"> incorpora informaci\u00f3n clim\u00e1tica y meteorol\u00f3gica de m\u00e1s de 400 estaciones en 9 ccaa, puestas a disposici\u00f3n por AEMET, SIAR, EUSKALMET y METEOCAT.\u00a0<\/span><\/p>\n<p><span style=\"font-weight: 400;\">Gracias a la participaci\u00f3n de AEMET como socio del proyecto, hemos avanzado en poner a disposici\u00f3n de las herramientas de ayuda a la decisi\u00f3n informaci\u00f3n clim\u00e1tica de hist\u00f3rica de cada una de las estaciones, e informaci\u00f3n de la predicci\u00f3n a 7 d\u00edas, de las variables clave para la monitorizaci\u00f3n del <\/span><span style=\"color: #3366ff;\"><b>ciclo de cada cultivo, en cada parcela, durante cualquier campa\u00f1a<\/b><span style=\"font-weight: 400;\">.\u00a0<\/span><\/span><\/p>\n<p><span style=\"font-weight: 400;\">AGROasesor asigna a cada parcela agr\u00edcola una estaci\u00f3n meteorol\u00f3gica de referencia, y adem\u00e1s el agricultor puede mejorar la informaci\u00f3n, asignando datos de precipitaciones propias en parcela.<\/span><\/p>\n<p><span style=\"color: #3366ff;\"><b>INFORMACI\u00d3N DE SUELOS<\/b><\/span><\/p>\n<p><span style=\"color: #3366ff;\"><b>AGROasesor<\/b><\/span><span style=\"font-weight: 400;\"> integra informaci\u00f3n la p\u00fablica disponible de mapas de suelo, lo que permite una asignaci\u00f3n a cada parcela de las caracter\u00edsticas principales del suelo, que son utilizadas por las herramientas de ayuda a la decisi\u00f3n.<\/span><\/p>\n<p><span style=\"font-weight: 400;\">Cada agricultor puede mejorar los datos propuestos por los mapas de suelos, con anal\u00edticas de su propia parcela, esto permite mejorar la precisi\u00f3n de las Herramientas de ayuda a la decisi\u00f3n en fertilizaci\u00f3n y riego.<\/span><\/p>\n<p><span style=\"color: #3366ff;\"><b>INFORMACI\u00d3N DE RIESGOS<\/b><\/span><\/p>\n<p><span style=\"color: #3366ff;\"><b>AGROasesor<\/b><\/span><span style=\"font-weight: 400;\"> integra mapas de informaci\u00f3n de riesgos, de inter\u00e9s agron\u00f3mico y administrativo.<\/span><\/p>\n<p><span style=\"font-weight: 400;\">Incorpora la informaci\u00f3n de \u00e1reas declaradas en la normativa de zonas vulnerables, a la contaminaci\u00f3n de nitratos por las distintas CCAA. Esto permite clasificar cada parcela, y asignar la informaci\u00f3n en los informes administrativos, y en la recomendaci\u00f3n de la herramienta de balance de fertilizaci\u00f3n nitrogenada.<\/span><\/p>\n<p><span style=\"font-weight: 400;\">Otra informaci\u00f3n interesante es la incorporaci\u00f3n de mapas de riesgo hist\u00f3rico medio por ejemplo para la sensibilidad de trigo a la Roya Parda, que se utiliza en las recomendaciones ofrecidas por la HAD VARIEDADES.<\/span>[\/vc_column_text][\/vc_column][\/vc_row][vc_row css=&#8221;.vc_custom_1517041131206{margin-top: 50px !important;margin-bottom: 0px !important;border-bottom-width: 0px !important;padding-bottom: 0px !important;}&#8221;][vc_column][vc_single_image image=&#8221;688&#8243; img_size=&#8221;full&#8221; css=&#8221;.vc_custom_1593237708152{margin-bottom: 0px !important;border-bottom-width: 0px !important;padding-bottom: 0px !important;}&#8221;][\/vc_column][\/vc_row]\n","protected":false},"excerpt":{"rendered":"<p> &#8230;<\/p>\n","protected":false},"author":1,"featured_media":0,"parent":691,"menu_order":0,"comment_status":"closed","ping_status":"closed","template":"","meta":{"footnotes":""},"class_list":["post-2233","page","type-page","status-publish","hentry"],"_links":{"self":[{"href":"https:\/\/www.agrogestor.es\/en\/wp-json\/wp\/v2\/pages\/2233","targetHints":{"allow":["GET"]}}],"collection":[{"href":"https:\/\/www.agrogestor.es\/en\/wp-json\/wp\/v2\/pages"}],"about":[{"href":"https:\/\/www.agrogestor.es\/en\/wp-json\/wp\/v2\/types\/page"}],"author":[{"embeddable":true,"href":"https:\/\/www.agrogestor.es\/en\/wp-json\/wp\/v2\/users\/1"}],"replies":[{"embeddable":true,"href":"https:\/\/www.agrogestor.es\/en\/wp-json\/wp\/v2\/comments?post=2233"}],"version-history":[{"count":8,"href":"https:\/\/www.agrogestor.es\/en\/wp-json\/wp\/v2\/pages\/2233\/revisions"}],"predecessor-version":[{"id":2618,"href":"https:\/\/www.agrogestor.es\/en\/wp-json\/wp\/v2\/pages\/2233\/revisions\/2618"}],"up":[{"embeddable":true,"href":"https:\/\/www.agrogestor.es\/en\/wp-json\/wp\/v2\/pages\/691"}],"wp:attachment":[{"href":"https:\/\/www.agrogestor.es\/en\/wp-json\/wp\/v2\/media?parent=2233"}],"curies":[{"name":"wp","href":"https:\/\/api.w.org\/{rel}","templated":true}]}}