{"id":2239,"date":"2020-06-27T08:08:39","date_gmt":"2020-06-27T06:08:39","guid":{"rendered":"https:\/\/www.agrogestor.es\/en\/?page_id=2239"},"modified":"2021-06-11T10:26:45","modified_gmt":"2021-06-11T08:26:45","slug":"technical-economic-management","status":"publish","type":"page","link":"https:\/\/www.agrogestor.es\/en\/platforms\/agroasesor-platform\/technical-economic-management\/","title":{"rendered":"Plot management actions and administrative reports"},"content":{"rendered":"[vc_row][vc_column width=&#8221;1\/4&#8243; css=&#8221;.vc_custom_1585631271353{padding-top: 20px !important;}&#8221;][vc_column_text css=&#8221;.vc_custom_1593153484844{margin-top: 5px !important;margin-bottom: 5px !important;border-top-width: 0px !important;border-bottom-width: 0px !important;padding-top: 5px !important;padding-right: 15px !important;padding-bottom: 5px !important;padding-left: 15px !important;background-color: #7cb03f !important;}&#8221;]<a href=\"https:\/\/www.agrogestor.es\/en\/platforms\/agroasesor-platform\/\"><strong style=\"color: #fff;\">AGROASESOR platform<\/strong><\/a>[\/vc_column_text][vc_column_text css=&#8221;.vc_custom_1593164696025{margin-top: 10px !important;margin-bottom: 10px !important;border-top-width: 0px !important;border-bottom-width: 0px !important;padding-top: 5px !important;padding-right: 15px !important;padding-bottom: 5px !important;padding-left: 15px !important;background-color: #f4f4f3 !important;}&#8221;]<strong><a href=\"https:\/\/www.agrogestor.es\/en\/platforms\/agroasesor-platform\/user-access\/\">User access<\/a><\/strong>[\/vc_column_text][vc_column_text css=&#8221;.vc_custom_1593164714978{margin-top: 10px !important;margin-bottom: 10px !important;border-top-width: 0px !important;border-bottom-width: 0px !important;padding-top: 5px !important;padding-right: 15px !important;padding-bottom: 5px !important;padding-left: 15px !important;background-color: #f4f4f3 !important;}&#8221;]<a href=\"https:\/\/www.agrogestor.es\/en\/platforms\/agroasesor-platform\/training\/\"><strong>Training<\/strong><\/a>[\/vc_column_text][vc_column_text css=&#8221;.vc_custom_1593164731407{margin-top: 10px !important;margin-bottom: 10px !important;margin-left: 15px !important;border-top-width: 0px !important;border-bottom-width: 0px !important;padding-top: 5px !important;padding-right: 15px !important;padding-bottom: 5px !important;padding-left: 15px !important;background-color: #f4f4f3 !important;}&#8221;]<a href=\"https:\/\/www.agrogestor.es\/en\/platforms\/agroasesor-platform\/training\/videos\/\"><strong>Videos<\/strong><\/a>[\/vc_column_text][vc_column_text css=&#8221;.vc_custom_1593164745046{margin-top: 10px !important;margin-bottom: 10px !important;margin-left: 15px !important;border-top-width: 0px !important;border-bottom-width: 0px !important;padding-top: 5px !important;padding-right: 15px !important;padding-bottom: 5px !important;padding-left: 15px !important;background-color: #f4f4f3 !important;}&#8221;]<a href=\"https:\/\/www.agrogestor.es\/en\/platforms\/agroasesor-platform\/training\/materials\/\"><strong>Materials<\/strong><\/a>[\/vc_column_text][vc_column_text css=&#8221;.vc_custom_1619013576566{margin-top: 10px !important;margin-bottom: 10px !important;margin-left: 15px !important;border-top-width: 0px !important;border-bottom-width: 0px !important;padding-top: 5px !important;padding-right: 15px !important;padding-bottom: 5px !important;padding-left: 15px !important;background-color: #f4f4f3 !important;}&#8221;]<a href=\"https:\/\/www.agrogestor.es\/en\/platforms\/agroasesor-platform\/training\/upcoming-courses\/\"><b>Courses<\/b><\/a>[\/vc_column_text][\/vc_column][vc_column width=&#8221;3\/4&#8243; css=&#8221;.vc_custom_1585593014670{padding-top: 13px !important;}&#8221;][vc_row_inner content_placement=&#8221;middle&#8221; css=&#8221;.vc_custom_1589868830321{margin-bottom: 0px !important;border-bottom-width: 0px !important;padding-bottom: 0px !important;}&#8221;][vc_column_inner width=&#8221;2\/6&#8243;][vc_single_image image=&#8221;1709&#8243; img_size=&#8221;medium&#8221; css=&#8221;.vc_custom_1589868845139{margin-bottom: 0px !important;border-bottom-width: 0px !important;padding-bottom: 0px !important;}&#8221;][\/vc_column_inner][vc_column_inner width=&#8221;3\/6&#8243;][vc_column_text css=&#8221;.vc_custom_1619013559665{margin-bottom: 0px !important;border-bottom-width: 0px !important;padding-bottom: 0px !important;}&#8221;]\n<h1>Plot management<\/h1>\n[\/vc_column_text][\/vc_column_inner][\/vc_row_inner][vc_column_text]<span style=\"color: #3366ff;\"><b>GESTI\u00d3N DE ACTUACIONES EN PARCELA<\/b><\/span><\/p>\n<p><span style=\"color: #3366ff;\"><b>AGROasesor<\/b><\/span><span style=\"font-weight: 400;\"> permite a cada agricultor un sistema de registro y consulta para\u00a0 cualquier tipo de actuaci\u00f3n que realiza en cada parcela: fertilizantes, riego, fitosanitarios, siembra, labores, observaciones, otros gastos\u2026<\/span><\/p>\n<p><span style=\"font-weight: 400;\">El usuario puede llevar este registro a trav\u00e9s de la aplicaci\u00f3n web en PC o tablet, o bien incorporar las actuaciones a trav\u00e9s de las APP actuaciones en su m\u00f3vil, disponible para IOS y ANDROID.\u00a0 <a href=\"https:\/\/www.agrogestor.es\/en\/wp-content\/uploads\/2021\/04\/MANUAL-2021-Aplicacion-Fitosanitarios_v1.pdf\"><span style=\"color: #0000ff;\"><strong>+ INFO<\/strong><\/span><\/a><\/span><\/p>\n<p><span style=\"color: #3366ff;\"><b>INFORMES ADMINISTRATIVOS<\/b><\/span><\/p>\n<p><span style=\"color: #3366ff;\"><b>AGROasesor<\/b><\/span><span style=\"font-weight: 400;\"> integra la informaci\u00f3n de las parcelas agr\u00edcolas que gestiona cada agricultor en sus declaraciones PAC. Un usuario agricultor puede gestionar varias declaraciones PAC con un mismo usuario de la plataforma. AGROasesor actualiza anualmente el SIGPAC de referencia para las declaraciones, lo que permite mantener desde el inicio de cada campa\u00f1a la asignaci\u00f3n para las declaraciones PAC en cada parcela agr\u00edcola, y exportar la informaci\u00f3n a ficheros excel en cualquier momento.<\/span><\/p>\n<p><span style=\"font-weight: 400;\">AGROasesor permite al agricultor exportar en pdf sus cuadernos obligatorios de explotaci\u00f3n (fitosanitarios, fertilizantes\u2026) en base a toda la informaci\u00f3n que introduce a trav\u00e9s de las actuaciones en parcela.\u00a0 <a href=\"https:\/\/www.agrogestor.es\/en\/wp-content\/uploads\/2021\/04\/MANUAL-2021-Informes_Informes-por-Explotacion_V1.pdf\"><span style=\"color: #0000ff;\"><strong>+ INFO<\/strong><\/span><\/a><\/span><\/p>\n<p><span style=\"color: #3366ff;\"><b>INVENTARIO PROPIO Y GESTI\u00d3N T\u00c9CNICO ECON\u00d3MICA<\/b><\/span><\/p>\n<p><span style=\"color: #3366ff;\"><b>AGROasesor<\/b><\/span><span style=\"font-weight: 400;\"> integra la informaci\u00f3n de inventario propia de cada agricultor. Para ello se facilita la introducci\u00f3n de sus semillas, fitosanitarios, fertilizantes, productos cosechados, maquinaria, mano de obra y otros elementos asignables a una gesti\u00f3n t\u00e9cnico econ\u00f3mica.<\/span><\/p>\n<p><span style=\"font-weight: 400;\">En cada elemento de inventario puede ir incorporando los precios actualizados a fechas concretas, lo que permite extraer los costes asignados a cada actuaci\u00f3n en parcela.\u00a0 <a href=\"https:\/\/www.agrogestor.es\/en\/wp-content\/uploads\/2021\/04\/MANUAL-2021-Menu-Administracion_V1.pptx.pdf\"><span style=\"color: #0000ff;\"><strong>+ INFO<\/strong><\/span><\/a><\/span>[\/vc_column_text][\/vc_column][\/vc_row][vc_row css=&#8221;.vc_custom_1517041131206{margin-top: 50px !important;margin-bottom: 0px !important;border-bottom-width: 0px !important;padding-bottom: 0px !important;}&#8221;][vc_column][vc_single_image image=&#8221;688&#8243; img_size=&#8221;full&#8221; css=&#8221;.vc_custom_1593238118395{margin-bottom: 0px !important;border-bottom-width: 0px !important;padding-bottom: 0px !important;}&#8221;][\/vc_column][\/vc_row]\n","protected":false},"excerpt":{"rendered":"<p> &#8230;<\/p>\n","protected":false},"author":1,"featured_media":0,"parent":691,"menu_order":0,"comment_status":"closed","ping_status":"closed","template":"","meta":{"footnotes":""},"class_list":["post-2239","page","type-page","status-publish","hentry"],"_links":{"self":[{"href":"https:\/\/www.agrogestor.es\/en\/wp-json\/wp\/v2\/pages\/2239","targetHints":{"allow":["GET"]}}],"collection":[{"href":"https:\/\/www.agrogestor.es\/en\/wp-json\/wp\/v2\/pages"}],"about":[{"href":"https:\/\/www.agrogestor.es\/en\/wp-json\/wp\/v2\/types\/page"}],"author":[{"embeddable":true,"href":"https:\/\/www.agrogestor.es\/en\/wp-json\/wp\/v2\/users\/1"}],"replies":[{"embeddable":true,"href":"https:\/\/www.agrogestor.es\/en\/wp-json\/wp\/v2\/comments?post=2239"}],"version-history":[{"count":10,"href":"https:\/\/www.agrogestor.es\/en\/wp-json\/wp\/v2\/pages\/2239\/revisions"}],"predecessor-version":[{"id":2616,"href":"https:\/\/www.agrogestor.es\/en\/wp-json\/wp\/v2\/pages\/2239\/revisions\/2616"}],"up":[{"embeddable":true,"href":"https:\/\/www.agrogestor.es\/en\/wp-json\/wp\/v2\/pages\/691"}],"wp:attachment":[{"href":"https:\/\/www.agrogestor.es\/en\/wp-json\/wp\/v2\/media?parent=2239"}],"curies":[{"name":"wp","href":"https:\/\/api.w.org\/{rel}","templated":true}]}}