{"id":2241,"date":"2020-06-27T08:12:28","date_gmt":"2020-06-27T06:12:28","guid":{"rendered":"https:\/\/www.agrogestor.es\/en\/?page_id=2241"},"modified":"2021-06-11T10:26:03","modified_gmt":"2021-06-11T08:26:03","slug":"cycle-modeling-crops","status":"publish","type":"page","link":"https:\/\/www.agrogestor.es\/en\/platforms\/agroasesor-platform\/cycle-modeling-crops\/","title":{"rendered":"Cycle modeling crops"},"content":{"rendered":"[vc_row][vc_column width=&#8221;1\/4&#8243; css=&#8221;.vc_custom_1585631271353{padding-top: 20px !important;}&#8221;][vc_column_text css=&#8221;.vc_custom_1593153484844{margin-top: 5px !important;margin-bottom: 5px !important;border-top-width: 0px !important;border-bottom-width: 0px !important;padding-top: 5px !important;padding-right: 15px !important;padding-bottom: 5px !important;padding-left: 15px !important;background-color: #7cb03f !important;}&#8221;]<a href=\"https:\/\/www.agrogestor.es\/en\/platforms\/agroasesor-platform\/\"><strong style=\"color: #fff;\">AGROASESOR platform<\/strong><\/a>[\/vc_column_text][vc_column_text css=&#8221;.vc_custom_1593164696025{margin-top: 10px !important;margin-bottom: 10px !important;border-top-width: 0px !important;border-bottom-width: 0px !important;padding-top: 5px !important;padding-right: 15px !important;padding-bottom: 5px !important;padding-left: 15px !important;background-color: #f4f4f3 !important;}&#8221;]<strong><a href=\"https:\/\/www.agrogestor.es\/en\/platforms\/agroasesor-platform\/user-access\/\">User access<\/a><\/strong>[\/vc_column_text][vc_column_text css=&#8221;.vc_custom_1593164714978{margin-top: 10px !important;margin-bottom: 10px !important;border-top-width: 0px !important;border-bottom-width: 0px !important;padding-top: 5px !important;padding-right: 15px !important;padding-bottom: 5px !important;padding-left: 15px !important;background-color: #f4f4f3 !important;}&#8221;]<a href=\"https:\/\/www.agrogestor.es\/en\/platforms\/agroasesor-platform\/training\/\"><strong>Training<\/strong><\/a>[\/vc_column_text][vc_column_text css=&#8221;.vc_custom_1593164731407{margin-top: 10px !important;margin-bottom: 10px !important;margin-left: 15px !important;border-top-width: 0px !important;border-bottom-width: 0px !important;padding-top: 5px !important;padding-right: 15px !important;padding-bottom: 5px !important;padding-left: 15px !important;background-color: #f4f4f3 !important;}&#8221;]<a href=\"https:\/\/www.agrogestor.es\/en\/platforms\/agroasesor-platform\/training\/videos\/\"><strong>Videos<\/strong><\/a>[\/vc_column_text][vc_column_text css=&#8221;.vc_custom_1593164745046{margin-top: 10px !important;margin-bottom: 10px !important;margin-left: 15px !important;border-top-width: 0px !important;border-bottom-width: 0px !important;padding-top: 5px !important;padding-right: 15px !important;padding-bottom: 5px !important;padding-left: 15px !important;background-color: #f4f4f3 !important;}&#8221;]<a href=\"https:\/\/www.agrogestor.es\/en\/platforms\/agroasesor-platform\/training\/materials\/\"><strong>Materials<\/strong><\/a>[\/vc_column_text][vc_column_text css=&#8221;.vc_custom_1593164803572{margin-top: 10px !important;margin-bottom: 10px !important;margin-left: 15px !important;border-top-width: 0px !important;border-bottom-width: 0px !important;padding-top: 5px !important;padding-right: 15px !important;padding-bottom: 5px !important;padding-left: 15px !important;background-color: #f4f4f3 !important;}&#8221;]<a href=\"https:\/\/www.agrogestor.es\/en\/platforms\/agroasesor-platform\/training\/upcoming-courses\/\"><b>Upcoming courses<\/b><\/a>[\/vc_column_text][\/vc_column][vc_column width=&#8221;3\/4&#8243; css=&#8221;.vc_custom_1585593014670{padding-top: 13px !important;}&#8221;][vc_row_inner content_placement=&#8221;middle&#8221; css=&#8221;.vc_custom_1589868830321{margin-bottom: 0px !important;border-bottom-width: 0px !important;padding-bottom: 0px !important;}&#8221;][vc_column_inner width=&#8221;2\/6&#8243;][vc_single_image image=&#8221;1709&#8243; img_size=&#8221;medium&#8221; css=&#8221;.vc_custom_1589868845139{margin-bottom: 0px !important;border-bottom-width: 0px !important;padding-bottom: 0px !important;}&#8221;][\/vc_column_inner][vc_column_inner width=&#8221;3\/6&#8243;][vc_column_text css=&#8221;.vc_custom_1593238336327{margin-bottom: 0px !important;border-bottom-width: 0px !important;padding-bottom: 0px !important;}&#8221;]\n<h1>Cycle modeling crops<\/h1>\n[\/vc_column_text][\/vc_column_inner][\/vc_row_inner][vc_column_text]La plataforma AGROasesor integra un <strong>m\u00f3dulo de FENOLOG\u00cdA<\/strong> en las Herramientas de Ayuda a la Decisi\u00f3n (HAD), permitiendo la modelizaci\u00f3n del ciclo del cultivo en la campa\u00f1a real.<\/p>\n<p><img loading=\"lazy\" decoding=\"async\" class=\"alignleft size-thumbnail wp-image-1395\" src=\"https:\/\/www.agrogestor.es\/wp-content\/uploads\/2020\/05\/floraci\u00f3n-cebada-150x150.jpg\" alt=\"\" width=\"150\" height=\"150\" \/>Las posibilidades que ofrece este m\u00f3dulo de FENOLOG\u00cdA son:<br \/>\n\u2022 Visualizaci\u00f3n de estados fenol\u00f3gicos de cada cultivo-parcela agr\u00edcola.<br \/>\n\u2022 Integraci\u00f3n en los motores de c\u00e1lculo de las HAD que utilizan los datos de fenolog\u00eda.<br \/>\n\u2022 Posibilidad de incorporar correcciones con datos reales tomados por los agricultores en cada parcela (seguimientos).<br \/>\n\u2022 Caracterizaci\u00f3n de estados BBCH del cultivo\/Tipo Varietal\/Variedad mediante Integral t\u00e9rmica.<\/p>\n<p>La Fenolog\u00eda se gestiona para cada cultivo, defini\u00e9ndose los estados disponibles para cada cultivo, as\u00ed como los \u00edndices BBCH y los grados acumulados para alcanzar cada uno de estos estados.<\/p>\n<p>Esta definici\u00f3n de grados es gen\u00e9rica para todos los cultivos, variedades de ese cultivo y para cualquier zona agroclim\u00e1tica donde se vaya a cultivar, no obstante, es posible afinar m\u00e1s los grados de los estados en base a estos tres niveles.<\/p>\n<h2>C\u00f3mo visualizar la FENOLOG\u00cdA de un cultivo: Calendario de Estados Fenol\u00f3gicos<\/h2>\n<p><span style=\"font-weight: 400;\">El usuario de la plataforma <\/span><span style=\"color: #0000ff;\"><b>AGROaseso<\/b><\/span><span style=\"font-weight: 400;\"><span style=\"color: #0000ff;\">r<\/span> puede consultar la fenolog\u00eda prevista y ocurrida para un cultivo en una parcela agr\u00edcola a trav\u00e9s de la vista de <\/span><b><span style=\"color: #0000ff;\">ACTUACIONES.<\/span>\u00a0<\/b><\/p>\n<p><span style=\"font-weight: 400;\">Seleccionando las parcelas de consulta, accede a ACTUACIONES\/ Cultivos en campa\u00f1a, y siempre que tenga ya un cultivo instalado en la parcela, podr\u00e1 consultar el calendario de fenolog\u00eda a trav\u00e9s de la flor situada a la derecha del cultivo<\/span><\/p>\n<p>Al entrar en el calendario de fenolog\u00eda, la fecha del calendario se sit\u00faa en la fecha actual, los estadios anteriores se habr\u00e1n estimado con la integral t\u00e9rmica sobre datos reales de campa\u00f1a de la estaci\u00f3n asignada para cada UGC, y los estadios posteriores utilizando los 7 d\u00edas de predicci\u00f3n m\u00e1s los datos hist\u00f3ricos de cada estaci\u00f3n.<\/p>\n<p>El calendario nos marca los estadios m\u00e1s importantes para cada cultivo, y permite para estos estadios BBCH, realizar modificaciones (seguimientos) para adecuar la respuesta particular del cultivo en campa\u00f1a.<\/p>\n<p>Estos seguimientos permiten corregir las estimaciones realizadas de estados BBCH del cultivo, y posibilitar un seguimiento real de la campa\u00f1a, por ejemplo un estadio susceptible de corregir es la fecha de nascencia de un cultivo tras la siembra, si esta no se ha realizado a tempero por falta de humedad en suelo.<\/p>\n<p>Estas correcciones pueden realizarse individualmente por parcela o de forma masiva, introduciendo las correcciones en lotes de parcelas.[\/vc_column_text][vc_single_image image=&#8221;2534&#8243; img_size=&#8221;full&#8221;][\/vc_column][\/vc_row][vc_row css=&#8221;.vc_custom_1517041131206{margin-top: 50px !important;margin-bottom: 0px !important;border-bottom-width: 0px !important;padding-bottom: 0px !important;}&#8221;][vc_column][vc_single_image image=&#8221;688&#8243; img_size=&#8221;full&#8221; css=&#8221;.vc_custom_1593238346745{margin-bottom: 0px !important;border-bottom-width: 0px !important;padding-bottom: 0px !important;}&#8221;][\/vc_column][\/vc_row]\n","protected":false},"excerpt":{"rendered":"<p> &#8230;<\/p>\n","protected":false},"author":1,"featured_media":0,"parent":691,"menu_order":0,"comment_status":"closed","ping_status":"closed","template":"","meta":{"footnotes":""},"class_list":["post-2241","page","type-page","status-publish","hentry"],"_links":{"self":[{"href":"https:\/\/www.agrogestor.es\/en\/wp-json\/wp\/v2\/pages\/2241","targetHints":{"allow":["GET"]}}],"collection":[{"href":"https:\/\/www.agrogestor.es\/en\/wp-json\/wp\/v2\/pages"}],"about":[{"href":"https:\/\/www.agrogestor.es\/en\/wp-json\/wp\/v2\/types\/page"}],"author":[{"embeddable":true,"href":"https:\/\/www.agrogestor.es\/en\/wp-json\/wp\/v2\/users\/1"}],"replies":[{"embeddable":true,"href":"https:\/\/www.agrogestor.es\/en\/wp-json\/wp\/v2\/comments?post=2241"}],"version-history":[{"count":6,"href":"https:\/\/www.agrogestor.es\/en\/wp-json\/wp\/v2\/pages\/2241\/revisions"}],"predecessor-version":[{"id":2615,"href":"https:\/\/www.agrogestor.es\/en\/wp-json\/wp\/v2\/pages\/2241\/revisions\/2615"}],"up":[{"embeddable":true,"href":"https:\/\/www.agrogestor.es\/en\/wp-json\/wp\/v2\/pages\/691"}],"wp:attachment":[{"href":"https:\/\/www.agrogestor.es\/en\/wp-json\/wp\/v2\/media?parent=2241"}],"curies":[{"name":"wp","href":"https:\/\/api.w.org\/{rel}","templated":true}]}}