{"id":2245,"date":"2020-06-27T08:15:59","date_gmt":"2020-06-27T06:15:59","guid":{"rendered":"https:\/\/www.agrogestor.es\/en\/?page_id=2245"},"modified":"2021-06-11T10:24:53","modified_gmt":"2021-06-11T08:24:53","slug":"indicators-of-sustainability","status":"publish","type":"page","link":"https:\/\/www.agrogestor.es\/en\/platforms\/agroasesor-platform\/indicators-of-sustainability\/","title":{"rendered":"Indicators of sustainability"},"content":{"rendered":"[vc_row][vc_column width=&#8221;1\/4&#8243; css=&#8221;.vc_custom_1585631271353{padding-top: 20px !important;}&#8221;][vc_column_text css=&#8221;.vc_custom_1593153484844{margin-top: 5px !important;margin-bottom: 5px !important;border-top-width: 0px !important;border-bottom-width: 0px !important;padding-top: 5px !important;padding-right: 15px !important;padding-bottom: 5px !important;padding-left: 15px !important;background-color: #7cb03f !important;}&#8221;]<a href=\"https:\/\/www.agrogestor.es\/en\/platforms\/agroasesor-platform\/\"><strong style=\"color: #fff;\">AGROASESOR platform<\/strong><\/a>[\/vc_column_text][vc_column_text css=&#8221;.vc_custom_1593164631653{margin-top: 10px !important;margin-bottom: 10px !important;border-top-width: 0px !important;border-bottom-width: 0px !important;padding-top: 5px !important;padding-right: 15px !important;padding-bottom: 5px !important;padding-left: 15px !important;background-color: #6db8e5 !important;}&#8221;]<a href=\"https:\/\/www.agrogestor.es\/en\/platforms\/agroasesor-platform\/features\/\"><span style=\"color: #ffffff;\"><strong>Features<\/strong><\/span><\/a>[\/vc_column_text][vc_column_text css=&#8221;.vc_custom_1593164696025{margin-top: 10px !important;margin-bottom: 10px !important;border-top-width: 0px !important;border-bottom-width: 0px !important;padding-top: 5px !important;padding-right: 15px !important;padding-bottom: 5px !important;padding-left: 15px !important;background-color: #f4f4f3 !important;}&#8221;]<strong><a href=\"https:\/\/www.agrogestor.es\/en\/platforms\/agroasesor-platform\/user-access\/\">User access<\/a><\/strong>[\/vc_column_text][vc_column_text css=&#8221;.vc_custom_1593164714978{margin-top: 10px !important;margin-bottom: 10px !important;border-top-width: 0px !important;border-bottom-width: 0px !important;padding-top: 5px !important;padding-right: 15px !important;padding-bottom: 5px !important;padding-left: 15px !important;background-color: #f4f4f3 !important;}&#8221;]<a href=\"https:\/\/www.agrogestor.es\/en\/platforms\/agroasesor-platform\/training\/\"><strong>Training<\/strong><\/a>[\/vc_column_text][vc_column_text css=&#8221;.vc_custom_1593164731407{margin-top: 10px !important;margin-bottom: 10px !important;margin-left: 15px !important;border-top-width: 0px !important;border-bottom-width: 0px !important;padding-top: 5px !important;padding-right: 15px !important;padding-bottom: 5px !important;padding-left: 15px !important;background-color: #f4f4f3 !important;}&#8221;]<a href=\"https:\/\/www.agrogestor.es\/en\/platforms\/agroasesor-platform\/training\/videos\/\"><strong>Videos<\/strong><\/a>[\/vc_column_text][vc_column_text css=&#8221;.vc_custom_1593164745046{margin-top: 10px !important;margin-bottom: 10px !important;margin-left: 15px !important;border-top-width: 0px !important;border-bottom-width: 0px !important;padding-top: 5px !important;padding-right: 15px !important;padding-bottom: 5px !important;padding-left: 15px !important;background-color: #f4f4f3 !important;}&#8221;]<a href=\"https:\/\/www.agrogestor.es\/en\/platforms\/agroasesor-platform\/training\/materials\/\"><strong>Materials<\/strong><\/a>[\/vc_column_text][vc_column_text css=&#8221;.vc_custom_1593164803572{margin-top: 10px !important;margin-bottom: 10px !important;margin-left: 15px !important;border-top-width: 0px !important;border-bottom-width: 0px !important;padding-top: 5px !important;padding-right: 15px !important;padding-bottom: 5px !important;padding-left: 15px !important;background-color: #f4f4f3 !important;}&#8221;]<a href=\"https:\/\/www.agrogestor.es\/en\/platforms\/agroasesor-platform\/training\/upcoming-courses\/\"><b>Upcoming courses<\/b><\/a>[\/vc_column_text][\/vc_column][vc_column width=&#8221;3\/4&#8243; css=&#8221;.vc_custom_1585593014670{padding-top: 13px !important;}&#8221;][vc_row_inner content_placement=&#8221;middle&#8221;][vc_column_inner width=&#8221;2\/6&#8243;][vc_single_image image=&#8221;1709&#8243; img_size=&#8221;medium&#8221;][\/vc_column_inner][vc_column_inner width=&#8221;3\/6&#8243;][vc_column_text]\n<h1>Indicators of sustainability<\/h1>\n[\/vc_column_text][\/vc_column_inner][\/vc_row_inner][vc_row_inner][vc_column_inner width=&#8221;1\/4&#8243;][vc_single_image image=&#8221;2537&#8243;][\/vc_column_inner][vc_column_inner width=&#8221;3\/4&#8243;][vc_column_text]\n<h3>HUELLA DE CARBONO<\/h3>\n<p>Informa sobre la totalidad de gases de efecto invernadero (GEI) emitidos por efecto directo o indirecto de los productos que se generan en las parcelas de la explotaci\u00f3n, a nivel de parcela, de producto o de explotaci\u00f3n. El c\u00e1lculo de la Huella de Carbono se ha basado en los est\u00e1ndares ISO 14067 (Huella de Carbono de Producto) y PAS 2050.[\/vc_column_text]<a href=\"https:\/\/www.agroasesor.es\/images\/Cat%C3%A1logo_Indicadores\/Catalogo_indicadores_sigAgroasesor_HC_definitivo.pdf\" class=\"button button-md style-fill color-skin\" title=\"+ INFO\" target=\"_blank\"><span>+INFO<\/span><\/a>[\/vc_column_inner][\/vc_row_inner][vc_row_inner][vc_column_inner width=&#8221;1\/4&#8243;][vc_single_image image=&#8221;2538&#8243;][\/vc_column_inner][vc_column_inner width=&#8221;3\/4&#8243;][vc_column_text]\n<h3>HUELLA H\u00cdDRICA<\/h3>\n<p>Volumen total de agua dulce usada para la producci\u00f3n de un producto en una explotaci\u00f3n. Consta de tres componentes:<\/p>\n<p>\u2022 <strong>Huella h\u00eddrica Verde:<\/strong> Volumen de agua evaporada de los recursos h\u00eddricos, es decir, el agua en forma de humedad del suelo y evaporaci\u00f3n.<\/p>\n<p>\u2022 <strong>Huella h\u00eddrica Azul:<\/strong> Volumen de agua dulce consumida de los recursos h\u00eddricos del planeta (aguas superficiales y subterr\u00e1neas).<\/p>\n<p>\u2022 <strong>Huella h\u00eddrica Gris:<\/strong> Volumen de agua contaminada que se asocia con la producci\u00f3n de una explotaci\u00f3n. Se puede estimar como el volumen de agua que se requiere para diluir los contaminantes hasta el punto de que la calidad del agua se mantiene en o por encima de las normas acordadas de calidad de agua (en el caso espec\u00edfico de la agricultura se puede utilizar el nivel de nitratos en agua, 50 mg NO3-\/L).[\/vc_column_text]<a href=\"https:\/\/www.agroasesor.es\/images\/Cat%C3%A1logo_Indicadores\/Catalogo_indicadores_sigAgroasesor_HH_definitivo.pdf\" class=\"button button-md style-fill color-skin\" title=\"+ INFO\" target=\"_blank\"><span>+INFO<\/span><\/a>[\/vc_column_inner][\/vc_row_inner][vc_row_inner][vc_column_inner width=&#8221;1\/4&#8243;][vc_single_image image=&#8221;2539&#8243;][\/vc_column_inner][vc_column_inner width=&#8221;3\/4&#8243;][vc_column_text]\n<h3>USO FITOSANITARIOS<\/h3>\n<p>Informa sobre el n\u00famero de tratamientos fitosanitarios:<br \/>\n\u2022 N\u00famero de tratamientos fitosanitarios: N\u00famero de aplicaciones de productos fitosanitarios.<br \/>\n\u2022 Ecotoxicidad de los tratamientos fitosanitarios realizados: Ecotoxicidad y Toxicidad humana de las materias activas de los fitosanitarios expresados en la unidad equivalente 1,4 DCB.[\/vc_column_text][\/vc_column_inner][\/vc_row_inner][\/vc_column][\/vc_row][vc_row css=&#8221;.vc_custom_1517041131206{margin-top: 50px !important;margin-bottom: 0px !important;border-bottom-width: 0px !important;padding-bottom: 0px !important;}&#8221;][vc_column][vc_single_image image=&#8221;688&#8243; img_size=&#8221;full&#8221; css=&#8221;.vc_custom_1593238558038{margin-bottom: 0px !important;border-bottom-width: 0px !important;padding-bottom: 0px !important;}&#8221;][\/vc_column][\/vc_row]\n","protected":false},"excerpt":{"rendered":"<p> &#8230;<\/p>\n","protected":false},"author":1,"featured_media":0,"parent":691,"menu_order":0,"comment_status":"closed","ping_status":"closed","template":"","meta":{"footnotes":""},"class_list":["post-2245","page","type-page","status-publish","hentry"],"_links":{"self":[{"href":"https:\/\/www.agrogestor.es\/en\/wp-json\/wp\/v2\/pages\/2245","targetHints":{"allow":["GET"]}}],"collection":[{"href":"https:\/\/www.agrogestor.es\/en\/wp-json\/wp\/v2\/pages"}],"about":[{"href":"https:\/\/www.agrogestor.es\/en\/wp-json\/wp\/v2\/types\/page"}],"author":[{"embeddable":true,"href":"https:\/\/www.agrogestor.es\/en\/wp-json\/wp\/v2\/users\/1"}],"replies":[{"embeddable":true,"href":"https:\/\/www.agrogestor.es\/en\/wp-json\/wp\/v2\/comments?post=2245"}],"version-history":[{"count":5,"href":"https:\/\/www.agrogestor.es\/en\/wp-json\/wp\/v2\/pages\/2245\/revisions"}],"predecessor-version":[{"id":2541,"href":"https:\/\/www.agrogestor.es\/en\/wp-json\/wp\/v2\/pages\/2245\/revisions\/2541"}],"up":[{"embeddable":true,"href":"https:\/\/www.agrogestor.es\/en\/wp-json\/wp\/v2\/pages\/691"}],"wp:attachment":[{"href":"https:\/\/www.agrogestor.es\/en\/wp-json\/wp\/v2\/media?parent=2245"}],"curies":[{"name":"wp","href":"https:\/\/api.w.org\/{rel}","templated":true}]}}